{"id":8038,"date":"2020-01-08T14:45:16","date_gmt":"2020-01-08T13:45:16","guid":{"rendered":"https:\/\/nbbcontrols.com\/produkte\/pocketevo-serie\/"},"modified":"2025-02-08T02:05:07","modified_gmt":"2025-02-08T01:05:07","slug":"trasmettitori-a-pulsante","status":"publish","type":"page","link":"https:\/\/nbbcontrols.com\/it\/trasmettitori-a-pulsante\/","title":{"rendered":"Trasmettitori A Pulsante"},"content":{"rendered":"<div class=\"fusion-fullwidth fullwidth-box fusion-builder-row-1 nonhundred-percent-fullwidth non-hundred-percent-height-scrolling\" style=\"--awb-border-sizes-top:0px;--awb-border-sizes-bottom:0px;--awb-border-sizes-left:0px;--awb-border-sizes-right:0px;--awb-border-color:#bc1212;--awb-border-radius-top-left:0px;--awb-border-radius-top-right:0px;--awb-border-radius-bottom-right:0px;--awb-border-radius-bottom-left:0px;--awb-flex-wrap:wrap;\" ><div class=\"fusion-builder-row fusion-row\"><div class=\"fusion-layout-column fusion_builder_column fusion-builder-column-0 fusion_builder_column_1_1 1_1 fusion-one-full fusion-column-first fusion-column-last fusion-column-no-min-height\" style=\"--awb-bg-color:#ffffff;--awb-bg-color-hover:#ffffff;--awb-bg-size:cover;--awb-border-color:#9d1913;--awb-border-top:0;--awb-border-right:0;--awb-border-bottom:0;--awb-border-left:0;--awb-border-style:solid;--awb-margin-bottom:50px;\"><div class=\"fusion-column-wrapper fusion-flex-column-wrapper-legacy\"><div class=\"fusion-title title fusion-title-1 fusion-sep-none fusion-title-center fusion-title-text fusion-title-size-one\"><h1 class=\"fusion-title-heading title-heading-center fusion-responsive-typography-calculated\" style=\"margin:0;--fontSize:50;line-height:1.4;\"><h1 style=\"text-align: center;\">Trasmettitori A Pulsante<\/h1><\/h1><\/div><div class=\"fusion-title title fusion-title-2 fusion-sep-none fusion-title-center fusion-title-text fusion-title-size-one\"><h1 class=\"fusion-title-heading title-heading-center fusion-responsive-typography-calculated\" style=\"margin:0;--fontSize:50;line-height:1.4;\"><h2 style=\"text-align: left;\">Pocket<em>Evo<\/em>-serie<\/h2><\/h1><\/div><div class=\"fusion-text fusion-text-1\"><p>Compatto, maneggevole e facile da usare, il trasmettitore a pulsanti Pocket<em>Evo<\/em> permette di lavorare in condizioni di completa sicurezza senza ridurre l\u2019efficacia del funzionamento della macchina. Ci\u00f2 si traduce in una costanteottimizzazione del potenziale della forza lavoro e in una minimizzazione dei rischi sul lavoro.<\/p>\n<p>Un robusto alloggiamento speciale garantisce che il trasmettitore a pulsanti sia in grado di resistere anche a condizioni estreme. I componenti elettronici resistono cos\u00ec a influssi meccanici estremi provenienti dall\u2019esterno. Il nuovo design del Pocket<em>Evo<\/em> offre la massima funzionalit\u00e0 come ad es. tasti proporzionali o graduali ma anche tasti liberamente configurabili. A seconda delle esigenze, il radiocomando dispone di 6, 8 o 10 tasti e pu\u00f2 essere regolato secondo le esigenze del cliente a 1, 2 o 3 livelli o all\u2019infinito. Inoltre \u00e8 possibile integrare senza problemi diversi elementi di comando supplementari come interruttori rotanti e pulsanti laterali. Un design modulare in tre diverse dimensioni offre, tra l\u2019altro anche la possibilit\u00e0 di utilizzare un display a colori da 2,2 pollici.<\/p>\n<\/div><style type=\"text\/css\">.fusion-portfolio-wrapper#fusion-portfolio-1 .fusion-portfolio-content{  text-align: left; }<\/style><div class=\"fusion-recent-works fusion-portfolio-element fusion-portfolio fusion-portfolio-1 fusion-portfolio-grid fusion-portfolio-paging-none fusion-portfolio-three fusion-portfolio-unboxed fusion-portfolio-text fusion-portfolio-rollover\" data-id=\"-rw-1\" data-columns=\"three\"><style type=\"text\/css\">.fusion-portfolio-1 .fusion-portfolio-wrapper .fusion-col-spacing{padding:50px;}<\/style><div class=\"fusion-portfolio-wrapper\" id=\"fusion-portfolio-1\" data-picturesize=\"auto\" data-pages=\"0\" style=\"margin:-50px;\"><article id=\"portfolio-1-post-8782\" class=\"fusion-portfolio-post aufsetzkipper-it baukrane-it bautechnik-it bohrtechnik-it bohrtechnik-minen-bergbau-it bootslifter-it bruecken-portalkrane-it chipper-siebmaschinen-it containerhubwerke-it foerderbaender-minen-bergbau-it foerderbaender-it forst-und-kommunaltechnik-it freizeitparks-fahrgeschaefte-it fts-fahrbare-transportsysteme-it hafenkrane-it hallen-laufkrane-it hebebuehnen-it hubarbeitsbuehnen-anwendungen-it hubarbeitsbuehnen-it hubarbeitsbuehnen-mobil-hydraulik-it industrietechnik-it kran-und-hebetechnik-it lichtmasten-it loeschkanonen-it minen-bergbau-it mischer-it mobil-hydraulik-it nebelmaschinen-it pocketevoserie-it produkte-radiokey-it regallagersysteme-it saug-und-spuelfahrzeuge-it schiffskrane-it schiffstechnik-it schleifmaschinen-it schleifmaschinen-sonderanwendungen-it schrottpressen-it sender-it sonderanwendungen-it tasten-sender-it winden-seilzuege-it fusion-col-spacing post-8782\"><div class=\"fusion-portfolio-content-wrapper\" style=\"border:none;\"><span class=\"vcard rich-snippet-hidden\"><span class=\"fn\"><a href=\"https:\/\/nbbcontrols.com\/it\/author\/ff1e7778f6b1eb40\/\" title=\"Articoli scritti da NBBMarketing\" rel=\"author\">NBBMarketing<\/a><\/span><\/span><span class=\"updated rich-snippet-hidden\">2025-08-05T13:39:18+02:00<\/span><div  class=\"fusion-image-wrapper\" aria-haspopup=\"true\">\n\t\t\t\t<img decoding=\"async\" width=\"600\" height=\"560\" src=\"https:\/\/nbbcontrols.com\/wp-content\/uploads\/2019\/01\/PocketEvo_minor-detail-nbb_funkfernsteuerungen-radio_remote_controls.jpg\" class=\"attachment-full size-full wp-post-image\" alt=\"PocketEvo_minor_LCD-detail-nbb_funkfernsteuerungen-radio_remote_controls\" srcset=\"https:\/\/nbbcontrols.com\/wp-content\/uploads\/2019\/01\/PocketEvo_minor-detail-nbb_funkfernsteuerungen-radio_remote_controls-200x187.jpg 200w, https:\/\/nbbcontrols.com\/wp-content\/uploads\/2019\/01\/PocketEvo_minor-detail-nbb_funkfernsteuerungen-radio_remote_controls-400x373.jpg 400w, https:\/\/nbbcontrols.com\/wp-content\/uploads\/2019\/01\/PocketEvo_minor-detail-nbb_funkfernsteuerungen-radio_remote_controls.jpg 600w\" sizes=\"(min-width: 2200px) 100vw, (min-width: 784px) 300px, (min-width: 712px) 450px, (min-width: 640px) 712px, \" \/><div class=\"fusion-rollover\">\n\t<div class=\"fusion-rollover-content\">\n\n\t\t\t\t\t\t\t\t\t\t\t\t\t\t<a class=\"fusion-rollover-link\" href=\"https:\/\/nbbcontrols.com\/it\/produktportfolio\/pocketevo-minor\/\">PocketEvo-minor<\/a>\n\t\t\t\n\t\t\t\t\t\t\t\t\t\t\t\t\t\t\n\t\t\t\t\t\t\t\t\n\t\t\t\t\t\t\t\t\t\t\t\t\t<div class=\"fusion-rollover-sep\"><\/div>\n\t\t\t\t\n\t\t\t\t\t\t\t\t\t\t\t\t\t\t\t\t\t\t<a class=\"fusion-rollover-gallery\" href=\"https:\/\/nbbcontrols.com\/wp-content\/uploads\/2019\/01\/PocketEvo_minor-detail-nbb_funkfernsteuerungen-radio_remote_controls.jpg\" data-options=\"\" data-id=\"8782\" data-rel=\"iLightbox[gallery-rw-1]\" data-title=\"PocketEvo_minor-detail-nbb_funkfernsteuerungen-radio_remote_controls\" data-caption=\"\">\n\t\t\t\t\t\tGallery\t\t\t\t\t<\/a>\n\t\t\t\t\t\t\t\t\t\t\t\t\t\t\n\t\t\n\t\t\t\t\t\t\t\t\t\t\t\t<h4 class=\"fusion-rollover-title\">\n\t\t\t\t\t<a class=\"fusion-rollover-title-link\" href=\"https:\/\/nbbcontrols.com\/it\/produktportfolio\/pocketevo-minor\/\">\n\t\t\t\t\t\tPocketEvo-minor\t\t\t\t\t<\/a>\n\t\t\t\t<\/h4>\n\t\t\t\n\t\t\t\t\t\t\t\t\n\t\t\n\t\t\t\t\t\t<a class=\"fusion-link-wrapper\" href=\"https:\/\/nbbcontrols.com\/it\/produktportfolio\/pocketevo-minor\/\" aria-label=\"PocketEvo-minor\"><\/a>\n\t<\/div>\n<\/div>\n<\/div>\n<div class=\"fusion-portfolio-content\"><h2 class=\"entry-title fusion-post-title\"><a href=\"https:\/\/nbbcontrols.com\/it\/produktportfolio\/pocketevo-minor\/\">PocketEvo-minor<\/a><\/h2><div class=\"fusion-post-content\"><\/div><\/div><\/div><\/article><article id=\"portfolio-1-post-8801\" class=\"fusion-portfolio-post aufsetzkipper-it baukrane-it bautechnik-it bohrtechnik-minen-bergbau-it bohrtechnik-it bootslifter-it bruecken-portalkrane-it chipper-siebmaschinen-it containerhubwerke-it foerderbaender-it foerderbaender-minen-bergbau-it forst-und-kommunaltechnik-it freizeitparks-fahrgeschaefte-it fts-fahrbare-transportsysteme-it hafenkrane-it hallen-laufkrane-it hebebuehnen-it hubarbeitsbuehnen-mobil-hydraulik-it hubarbeitsbuehnen-anwendungen-it hubarbeitsbuehnen-it industrietechnik-it kran-und-hebetechnik-it lichtmasten-it loeschkanonen-it minen-bergbau-it mischer-it mobil-hydraulik-it nebelmaschinen-it pocketevoserie-it produkte-radiokey-it regallagersysteme-it saug-und-spuelfahrzeuge-it schiffskrane-it schiffstechnik-it schleifmaschinen-it schleifmaschinen-sonderanwendungen-it schrottpressen-it sender-it sonderanwendungen-it tasten-sender-it winden-seilzuege-it fusion-col-spacing post-8801\"><div class=\"fusion-portfolio-content-wrapper\" style=\"border:none;\"><span class=\"vcard rich-snippet-hidden\"><span class=\"fn\"><a href=\"https:\/\/nbbcontrols.com\/it\/author\/ff1e7778f6b1eb40\/\" title=\"Articoli scritti da NBBMarketing\" rel=\"author\">NBBMarketing<\/a><\/span><\/span><span class=\"updated rich-snippet-hidden\">2025-08-05T13:39:50+02:00<\/span><div  class=\"fusion-image-wrapper\" aria-haspopup=\"true\">\n\t\t\t\t<img decoding=\"async\" width=\"600\" height=\"560\" src=\"https:\/\/nbbcontrols.com\/wp-content\/uploads\/2019\/09\/PocketEvo_media-detail-nbb_funkfernsteuerungen-radio_remote_controls.jpg\" class=\"attachment-full size-full wp-post-image\" alt=\"PocketEvo_minor_LCD-detail-nbb_funkfernsteuerungen-radio_remote_controls\" srcset=\"https:\/\/nbbcontrols.com\/wp-content\/uploads\/2019\/09\/PocketEvo_media-detail-nbb_funkfernsteuerungen-radio_remote_controls-200x187.jpg 200w, https:\/\/nbbcontrols.com\/wp-content\/uploads\/2019\/09\/PocketEvo_media-detail-nbb_funkfernsteuerungen-radio_remote_controls-400x373.jpg 400w, https:\/\/nbbcontrols.com\/wp-content\/uploads\/2019\/09\/PocketEvo_media-detail-nbb_funkfernsteuerungen-radio_remote_controls.jpg 600w\" sizes=\"(min-width: 2200px) 100vw, (min-width: 784px) 300px, (min-width: 712px) 450px, (min-width: 640px) 712px, \" \/><div class=\"fusion-rollover\">\n\t<div class=\"fusion-rollover-content\">\n\n\t\t\t\t\t\t\t\t\t\t\t\t\t\t<a class=\"fusion-rollover-link\" href=\"https:\/\/nbbcontrols.com\/it\/produktportfolio\/pocketevo-media\/\">PocketEvo-media<\/a>\n\t\t\t\n\t\t\t\t\t\t\t\t\t\t\t\t\t\t\n\t\t\t\t\t\t\t\t\n\t\t\t\t\t\t\t\t\t\t\t\t\t<div class=\"fusion-rollover-sep\"><\/div>\n\t\t\t\t\n\t\t\t\t\t\t\t\t\t\t\t\t\t\t\t\t\t\t<a class=\"fusion-rollover-gallery\" href=\"https:\/\/nbbcontrols.com\/wp-content\/uploads\/2019\/09\/PocketEvo_media-detail-nbb_funkfernsteuerungen-radio_remote_controls.jpg\" data-options=\"\" data-id=\"8801\" data-rel=\"iLightbox[gallery-rw-1]\" data-title=\"PocketEvo_media-detail-nbb_funkfernsteuerungen-radio_remote_controls\" data-caption=\"\">\n\t\t\t\t\t\tGallery\t\t\t\t\t<\/a>\n\t\t\t\t\t\t\t\t\t\t\t\t\t\t\n\t\t\n\t\t\t\t\t\t\t\t\t\t\t\t<h4 class=\"fusion-rollover-title\">\n\t\t\t\t\t<a class=\"fusion-rollover-title-link\" href=\"https:\/\/nbbcontrols.com\/it\/produktportfolio\/pocketevo-media\/\">\n\t\t\t\t\t\tPocketEvo-media\t\t\t\t\t<\/a>\n\t\t\t\t<\/h4>\n\t\t\t\n\t\t\t\t\t\t\t\t\n\t\t\n\t\t\t\t\t\t<a class=\"fusion-link-wrapper\" href=\"https:\/\/nbbcontrols.com\/it\/produktportfolio\/pocketevo-media\/\" aria-label=\"PocketEvo-media\"><\/a>\n\t<\/div>\n<\/div>\n<\/div>\n<div class=\"fusion-portfolio-content\"><h2 class=\"entry-title fusion-post-title\"><a href=\"https:\/\/nbbcontrols.com\/it\/produktportfolio\/pocketevo-media\/\">PocketEvo-media<\/a><\/h2><div class=\"fusion-post-content\"><\/div><\/div><\/div><\/article><article id=\"portfolio-1-post-8814\" class=\"fusion-portfolio-post aufsetzkipper-it baukrane-it bautechnik-it bohrtechnik-it bohrtechnik-minen-bergbau-it bootslifter-it bruecken-portalkrane-it chipper-siebmaschinen-it containerhubwerke-it foerderbaender-it foerderbaender-minen-bergbau-it forst-und-kommunaltechnik-it freizeitparks-fahrgeschaefte-it fts-fahrbare-transportsysteme-it hafenkrane-it hallen-laufkrane-it hebebuehnen-it hubarbeitsbuehnen-it hubarbeitsbuehnen-mobil-hydraulik-it hubarbeitsbuehnen-anwendungen-it industrietechnik-it kran-und-hebetechnik-it lichtmasten-it loeschkanonen-it minen-bergbau-it mischer-it mobil-hydraulik-it nebelmaschinen-it pocketevoserie-it produkte-radiokey-it regallagersysteme-it saug-und-spuelfahrzeuge-it schiffskrane-it schiffstechnik-it schleifmaschinen-it schleifmaschinen-sonderanwendungen-it schrottpressen-it sender-it sonderanwendungen-it tasten-sender-it winden-seilzuege-it fusion-col-spacing post-8814\"><div class=\"fusion-portfolio-content-wrapper\" style=\"border:none;\"><span class=\"vcard rich-snippet-hidden\"><span class=\"fn\"><a href=\"https:\/\/nbbcontrols.com\/it\/author\/ff1e7778f6b1eb40\/\" title=\"Articoli scritti da NBBMarketing\" rel=\"author\">NBBMarketing<\/a><\/span><\/span><span class=\"updated rich-snippet-hidden\">2025-08-05T13:40:15+02:00<\/span><div  class=\"fusion-image-wrapper\" aria-haspopup=\"true\">\n\t\t\t\t<img decoding=\"async\" width=\"600\" height=\"560\" src=\"https:\/\/nbbcontrols.com\/wp-content\/uploads\/2019\/09\/PocketEvo_magna-detail-nbb_funkfernsteuerungen-radio_remote_controls.jpg\" class=\"attachment-full size-full wp-post-image\" alt=\"PocketEvo_minor_LCD-detail-nbb_funkfernsteuerungen-radio_remote_controls\" srcset=\"https:\/\/nbbcontrols.com\/wp-content\/uploads\/2019\/09\/PocketEvo_magna-detail-nbb_funkfernsteuerungen-radio_remote_controls-200x187.jpg 200w, https:\/\/nbbcontrols.com\/wp-content\/uploads\/2019\/09\/PocketEvo_magna-detail-nbb_funkfernsteuerungen-radio_remote_controls-400x373.jpg 400w, https:\/\/nbbcontrols.com\/wp-content\/uploads\/2019\/09\/PocketEvo_magna-detail-nbb_funkfernsteuerungen-radio_remote_controls.jpg 600w\" sizes=\"(min-width: 2200px) 100vw, (min-width: 784px) 300px, (min-width: 712px) 450px, (min-width: 640px) 712px, \" \/><div class=\"fusion-rollover\">\n\t<div class=\"fusion-rollover-content\">\n\n\t\t\t\t\t\t\t\t\t\t\t\t\t\t<a class=\"fusion-rollover-link\" href=\"https:\/\/nbbcontrols.com\/it\/produktportfolio\/magna\/\">PocketEvo-magna<\/a>\n\t\t\t\n\t\t\t\t\t\t\t\t\t\t\t\t\t\t\n\t\t\t\t\t\t\t\t\n\t\t\t\t\t\t\t\t\t\t\t\t\t<div class=\"fusion-rollover-sep\"><\/div>\n\t\t\t\t\n\t\t\t\t\t\t\t\t\t\t\t\t\t\t\t\t\t\t<a class=\"fusion-rollover-gallery\" href=\"https:\/\/nbbcontrols.com\/wp-content\/uploads\/2019\/09\/PocketEvo_magna-detail-nbb_funkfernsteuerungen-radio_remote_controls.jpg\" data-options=\"\" data-id=\"8814\" data-rel=\"iLightbox[gallery-rw-1]\" data-title=\"PocketEvo_magna-detail-nbb_funkfernsteuerungen-radio_remote_controls\" data-caption=\"\">\n\t\t\t\t\t\tGallery\t\t\t\t\t<\/a>\n\t\t\t\t\t\t\t\t\t\t\t\t\t\t\n\t\t\n\t\t\t\t\t\t\t\t\t\t\t\t<h4 class=\"fusion-rollover-title\">\n\t\t\t\t\t<a class=\"fusion-rollover-title-link\" href=\"https:\/\/nbbcontrols.com\/it\/produktportfolio\/magna\/\">\n\t\t\t\t\t\tPocketEvo-magna\t\t\t\t\t<\/a>\n\t\t\t\t<\/h4>\n\t\t\t\n\t\t\t\t\t\t\t\t\n\t\t\n\t\t\t\t\t\t<a class=\"fusion-link-wrapper\" href=\"https:\/\/nbbcontrols.com\/it\/produktportfolio\/magna\/\" aria-label=\"PocketEvo-magna\"><\/a>\n\t<\/div>\n<\/div>\n<\/div>\n<div class=\"fusion-portfolio-content\"><h2 class=\"entry-title fusion-post-title\"><a href=\"https:\/\/nbbcontrols.com\/it\/produktportfolio\/magna\/\">PocketEvo-magna<\/a><\/h2><div class=\"fusion-post-content\"><\/div><\/div><\/div><\/article><\/div><\/div><div class=\"fusion-title title fusion-title-3 fusion-sep-none fusion-title-center fusion-title-text fusion-title-size-one\"><h1 class=\"fusion-title-heading title-heading-center fusion-responsive-typography-calculated\" style=\"margin:0;--fontSize:50;line-height:1.4;\"><h2 style=\"text-align: left;\">Planar-serie<\/h2><\/h1><\/div><div class=\"fusion-text fusion-text-2\"><p>La serie Planar convince per il suo design piccolo e compatto e pu\u00f2 essere utilizzata in molti modi diversi. Con un massimo di 17 tasti a un solo livello e un design estremamente piatto in formato tascabile, \u00e8 il pi\u00f9 piccolo trasmettitore della gamma di prodotti NBB. Le celle AA intercambiabili consentono la massima funzionalit\u00e0. I Planar sono dotati di fabbrica di contatti di ricarica, che consentono di caricare le batterie utilizzando una base di ricarica. Opzionalmente, la fonte di energia pu\u00f2 essere anche quella della batteria da 3,6 V sviluppata da NBB. Con una sola carica, pu\u00f2 alimentare il trasmettitore fino a 40 ore. Il feedback della vostra macchina pu\u00f2 essere visualizzato sul display integrato a 7 segmenti.<\/p>\n<\/div><style type=\"text\/css\">.fusion-portfolio-wrapper#fusion-portfolio-2 .fusion-portfolio-content{  text-align: left; }<\/style><div class=\"fusion-recent-works fusion-portfolio-element fusion-portfolio fusion-portfolio-2 fusion-portfolio-grid fusion-portfolio-paging-none fusion-portfolio-three fusion-portfolio-unboxed fusion-portfolio-text fusion-portfolio-rollover\" data-id=\"-rw-2\" data-columns=\"three\"><style type=\"text\/css\">.fusion-portfolio-2 .fusion-portfolio-wrapper .fusion-col-spacing{padding:50px;}<\/style><div class=\"fusion-portfolio-wrapper\" id=\"fusion-portfolio-2\" data-picturesize=\"auto\" data-pages=\"0\" style=\"margin:-50px;\"><article id=\"portfolio-2-post-8828\" class=\"fusion-portfolio-post aufsetzkipper-it bautechnik-it bruecken-portalkrane-it forst-und-kommunaltechnik-it hallen-laufkrane-it kran-und-hebetechnik-it nebelmaschinen-it planarserie-it sender-it tasten-sender-it fusion-col-spacing post-8828\"><div class=\"fusion-portfolio-content-wrapper\" style=\"border:none;\"><span class=\"vcard rich-snippet-hidden\"><span class=\"fn\"><a href=\"https:\/\/nbbcontrols.com\/it\/author\/ff1e7778f6b1eb40\/\" title=\"Articoli scritti da NBBMarketing\" rel=\"author\">NBBMarketing<\/a><\/span><\/span><span class=\"updated rich-snippet-hidden\">2024-12-02T11:51:39+01:00<\/span><div  class=\"fusion-image-wrapper\" aria-haspopup=\"true\">\n\t\t\t\t<img decoding=\"async\" width=\"600\" height=\"560\" src=\"https:\/\/nbbcontrols.com\/wp-content\/uploads\/2019\/08\/planar_d1-nbb_funkfernsteuerungen-vorschau.jpg\" class=\"attachment-full size-full wp-post-image\" alt=\"planar_d1-nbb_funkfernsteuerungen-vorschau\" srcset=\"https:\/\/nbbcontrols.com\/wp-content\/uploads\/2019\/08\/planar_d1-nbb_funkfernsteuerungen-vorschau-200x187.jpg 200w, https:\/\/nbbcontrols.com\/wp-content\/uploads\/2019\/08\/planar_d1-nbb_funkfernsteuerungen-vorschau-400x373.jpg 400w, https:\/\/nbbcontrols.com\/wp-content\/uploads\/2019\/08\/planar_d1-nbb_funkfernsteuerungen-vorschau.jpg 600w\" sizes=\"(min-width: 2200px) 100vw, (min-width: 784px) 300px, (min-width: 712px) 450px, (min-width: 640px) 712px, \" \/><div class=\"fusion-rollover\">\n\t<div class=\"fusion-rollover-content\">\n\n\t\t\t\t\t\t\t\t\t\t\t\t\t\t<a class=\"fusion-rollover-link\" href=\"https:\/\/nbbcontrols.com\/it\/produktportfolio\/planar-d\/\">Planar-D<\/a>\n\t\t\t\n\t\t\t\t\t\t\t\t\t\t\t\t\t\t\n\t\t\t\t\t\t\t\t\n\t\t\t\t\t\t\t\t\t\t\t\t\t<div class=\"fusion-rollover-sep\"><\/div>\n\t\t\t\t\n\t\t\t\t\t\t\t\t\t\t\t\t\t\t\t\t\t\t<a class=\"fusion-rollover-gallery\" href=\"https:\/\/nbbcontrols.com\/wp-content\/uploads\/2019\/08\/planar_d1-nbb_funkfernsteuerungen-vorschau.jpg\" data-options=\"\" data-id=\"8828\" data-rel=\"iLightbox[gallery-rw-2]\" data-title=\"planar_d1-nbb_funkfernsteuerungen-vorschau\" data-caption=\"\">\n\t\t\t\t\t\tGallery\t\t\t\t\t<\/a>\n\t\t\t\t\t\t\t\t\t\t\t\t\t\t\n\t\t\n\t\t\t\t\t\t\t\t\t\t\t\t<h4 class=\"fusion-rollover-title\">\n\t\t\t\t\t<a class=\"fusion-rollover-title-link\" href=\"https:\/\/nbbcontrols.com\/it\/produktportfolio\/planar-d\/\">\n\t\t\t\t\t\tPlanar-D\t\t\t\t\t<\/a>\n\t\t\t\t<\/h4>\n\t\t\t\n\t\t\t\t\t\t\t\t\n\t\t\n\t\t\t\t\t\t<a class=\"fusion-link-wrapper\" href=\"https:\/\/nbbcontrols.com\/it\/produktportfolio\/planar-d\/\" aria-label=\"Planar-D\"><\/a>\n\t<\/div>\n<\/div>\n<\/div>\n<div class=\"fusion-portfolio-content\"><h2 class=\"entry-title fusion-post-title\"><a href=\"https:\/\/nbbcontrols.com\/it\/produktportfolio\/planar-d\/\">Planar-D<\/a><\/h2><div class=\"fusion-post-content\"><\/div><\/div><\/div><\/article><article id=\"portfolio-2-post-19478\" class=\"fusion-portfolio-post aufsetzkipper-it bautechnik-it bruecken-portalkrane-it chipper-siebmaschinen-it foerderbaender-it forst-und-kommunaltechnik-it fts-fahrbare-transportsysteme-it hallen-laufkrane-it industrietechnik-it kran-und-hebetechnik-it lichtmasten-it mischer-it nebelmaschinen-it planarserie-it regallagersysteme-it saug-und-spuelfahrzeuge-it schleifmaschinen-sonderanwendungen-it schleifmaschinen-it schrottpressen-it sender-it sonderanwendungen-it tasten-sender-it fusion-col-spacing post-19478\"><div class=\"fusion-portfolio-content-wrapper\" style=\"border:none;\"><span class=\"vcard rich-snippet-hidden\"><span class=\"fn\"><a href=\"https:\/\/nbbcontrols.com\/it\/author\/ff1e7778f6b1eb40\/\" title=\"Articoli scritti da NBBMarketing\" rel=\"author\">NBBMarketing<\/a><\/span><\/span><span class=\"updated rich-snippet-hidden\">2024-09-12T13:37:27+02:00<\/span><div  class=\"fusion-image-wrapper\" aria-haspopup=\"true\">\n\t\t\t\t<img decoding=\"async\" width=\"400\" height=\"373\" src=\"https:\/\/nbbcontrols.com\/wp-content\/uploads\/2022\/04\/Planar-B1_Website.jpg\" class=\"attachment-full size-full wp-post-image\" alt=\"Planar-B1+\" srcset=\"https:\/\/nbbcontrols.com\/wp-content\/uploads\/2022\/04\/Planar-B1_Website-200x187.jpg 200w, https:\/\/nbbcontrols.com\/wp-content\/uploads\/2022\/04\/Planar-B1_Website.jpg 400w\" sizes=\"(min-width: 2200px) 100vw, (min-width: 784px) 300px, (min-width: 712px) 450px, (min-width: 640px) 712px, \" \/><div class=\"fusion-rollover\">\n\t<div class=\"fusion-rollover-content\">\n\n\t\t\t\t\t\t\t\t\t\t\t\t\t\t<a class=\"fusion-rollover-link\" href=\"https:\/\/nbbcontrols.com\/it\/produktportfolio\/planar-b-plus\/\">Planar-B+<\/a>\n\t\t\t\n\t\t\t\t\t\t\t\t\t\t\t\t\t\t\n\t\t\t\t\t\t\t\t\n\t\t\t\t\t\t\t\t\t\t\t\t\t<div class=\"fusion-rollover-sep\"><\/div>\n\t\t\t\t\n\t\t\t\t\t\t\t\t\t\t\t\t\t\t\t\t\t\t<a class=\"fusion-rollover-gallery\" href=\"https:\/\/nbbcontrols.com\/wp-content\/uploads\/2022\/04\/Planar-B1_Website.jpg\" data-options=\"\" data-id=\"19478\" data-rel=\"iLightbox[gallery-rw-2]\" data-title=\"Planar-B1+_Website\" data-caption=\"\">\n\t\t\t\t\t\tGallery\t\t\t\t\t<\/a>\n\t\t\t\t\t\t\t\t\t\t\t\t\t\t\n\t\t\n\t\t\t\t\t\t\t\t\t\t\t\t<h4 class=\"fusion-rollover-title\">\n\t\t\t\t\t<a class=\"fusion-rollover-title-link\" href=\"https:\/\/nbbcontrols.com\/it\/produktportfolio\/planar-b-plus\/\">\n\t\t\t\t\t\tPlanar-B+\t\t\t\t\t<\/a>\n\t\t\t\t<\/h4>\n\t\t\t\n\t\t\t\t\t\t\t\t\n\t\t\n\t\t\t\t\t\t<a class=\"fusion-link-wrapper\" href=\"https:\/\/nbbcontrols.com\/it\/produktportfolio\/planar-b-plus\/\" aria-label=\"Planar-B+\"><\/a>\n\t<\/div>\n<\/div>\n<\/div>\n<div class=\"fusion-portfolio-content\"><h2 class=\"entry-title fusion-post-title\"><a href=\"https:\/\/nbbcontrols.com\/it\/produktportfolio\/planar-b-plus\/\">Planar-B+<\/a><\/h2><div class=\"fusion-post-content\"><\/div><\/div><\/div><\/article><\/div><\/div><div class=\"fusion-clearfix\"><\/div><\/div><\/div><\/div><\/div>\n","protected":false},"excerpt":{"rendered":"","protected":false},"author":7,"featured_media":0,"parent":0,"menu_order":67,"comment_status":"closed","ping_status":"closed","template":"100-width.php","meta":{"footnotes":""},"class_list":["post-8038","page","type-page","status-publish","hentry"],"_links":{"self":[{"href":"https:\/\/nbbcontrols.com\/it\/wp-json\/wp\/v2\/pages\/8038","targetHints":{"allow":["GET"]}}],"collection":[{"href":"https:\/\/nbbcontrols.com\/it\/wp-json\/wp\/v2\/pages"}],"about":[{"href":"https:\/\/nbbcontrols.com\/it\/wp-json\/wp\/v2\/types\/page"}],"author":[{"embeddable":true,"href":"https:\/\/nbbcontrols.com\/it\/wp-json\/wp\/v2\/users\/7"}],"replies":[{"embeddable":true,"href":"https:\/\/nbbcontrols.com\/it\/wp-json\/wp\/v2\/comments?post=8038"}],"version-history":[{"count":12,"href":"https:\/\/nbbcontrols.com\/it\/wp-json\/wp\/v2\/pages\/8038\/revisions"}],"predecessor-version":[{"id":25908,"href":"https:\/\/nbbcontrols.com\/it\/wp-json\/wp\/v2\/pages\/8038\/revisions\/25908"}],"wp:attachment":[{"href":"https:\/\/nbbcontrols.com\/it\/wp-json\/wp\/v2\/media?parent=8038"}],"curies":[{"name":"wp","href":"https:\/\/api.w.org\/{rel}","templated":true}]}}