{"id":8185,"date":"2019-02-03T16:16:27","date_gmt":"2019-02-03T15:16:27","guid":{"rendered":"https:\/\/nbbcontrols.com\/anwendungen\/iecex-atex\/"},"modified":"2023-02-07T10:24:49","modified_gmt":"2023-02-07T09:24:49","slug":"iecex-atex","status":"publish","type":"page","link":"https:\/\/nbbcontrols.com\/it\/applicazioni\/iecex-atex\/","title":{"rendered":"IECEx\/ATEX"},"content":{"rendered":"<div class=\"fusion-fullwidth fullwidth-box fusion-builder-row-1 fusion-parallax-fixed nonhundred-percent-fullwidth non-hundred-percent-height-scrolling rahmen-unten\" style=\"--awb-border-sizes-top:1px;--awb-border-sizes-bottom:1px;--awb-border-sizes-left:0px;--awb-border-sizes-right:0px;--awb-border-color:#bc1212;--awb-border-radius-top-left:0px;--awb-border-radius-top-right:0px;--awb-border-radius-bottom-right:0px;--awb-border-radius-bottom-left:0px;--awb-padding-top:25px;--awb-padding-bottom:25px;--awb-background-image:url(&quot;https:\/\/nbbcontrols.com\/wp-content\/uploads\/2019\/01\/planar_b2-cad-nbb_funkfernsteuerungen.png&quot;);--awb-background-size:cover;--awb-flex-wrap:wrap;background-attachment:fixed;\" ><div class=\"fusion-builder-row fusion-row\"><div class=\"fusion-layout-column fusion_builder_column fusion-builder-column-0 fusion_builder_column_1_1 1_1 fusion-one-full fusion-column-first fusion-column-last fusion-column-no-min-height shadow\" style=\"--awb-padding-top:25px;--awb-padding-right:4%;--awb-padding-bottom:25px;--awb-padding-left:4%;--awb-bg-color:#ffffff;--awb-bg-color-hover:#ffffff;--awb-bg-size:cover;--awb-border-color:#9d1913;--awb-border-top:1px;--awb-border-right:1px;--awb-border-bottom:1px;--awb-border-left:1px;--awb-border-style:solid;--awb-margin-bottom:50px;\"><div class=\"fusion-column-wrapper fusion-column-has-shadow fusion-flex-column-wrapper-legacy\"><div class=\"fusion-title title fusion-title-1 fusion-sep-none fusion-title-center fusion-title-text fusion-title-size-one\"><h1 class=\"fusion-title-heading title-heading-center fusion-responsive-typography-calculated\" style=\"margin:0;--fontSize:50;line-height:1.4;\"><p style=\"text-align: center;\">Radiocontroli con sistema IECEx \/ ATEX<\/p><\/h1><\/div><div class=\"fusion-text fusion-text-1\"><p style=\"text-align: left;\">Nell\u2019industria petrolchimica, ma anche nei settori in cui si producono polveri, con i suoi sistemi radio NBB si presenta come un esperto!<\/p>\n<\/div><div class=\"fusion-builder-row fusion-builder-row-inner fusion-row\"><div class=\"fusion-layout-column fusion_builder_column_inner fusion-builder-nested-column-0 fusion_builder_column_inner_1_5 1_5 fusion-one-fifth fusion-column-first\" style=\"--awb-bg-size:cover;width:20%;width:calc(20% - ( ( 4% + 4% + 4% + 4% ) * 0.2 ) );margin-right: 4%;\"><div class=\"fusion-column-wrapper fusion-flex-column-wrapper-legacy\"><div class=\"fusion-image-element fusion-image-align-center in-legacy-container\" style=\"text-align:center;--awb-max-width:150px;--awb-caption-title-font-family:var(--h2_typography-font-family);--awb-caption-title-font-weight:var(--h2_typography-font-weight);--awb-caption-title-font-style:var(--h2_typography-font-style);--awb-caption-title-size:var(--h2_typography-font-size);--awb-caption-title-transform:var(--h2_typography-text-transform);--awb-caption-title-line-height:var(--h2_typography-line-height);--awb-caption-title-letter-spacing:var(--h2_typography-letter-spacing);\"><div class=\"imageframe-align-center\"><span class=\" fusion-imageframe imageframe-none imageframe-1 hover-type-none\"><a class=\"fusion-no-lightbox\" href=\"https:\/\/nbbcontrols.com\/it\/applicazioni\/iecex-atex\/piattaforme-petrolifere\/\" target=\"_self\" aria-label=\"oelplattformen-nbb_fernsteuerungen-anwendungsbereiche\"><img decoding=\"async\" width=\"300\" height=\"300\" alt=\"NBB iecex atex piattaforme petrolifere\" src=\"https:\/\/nbbcontrols.com\/wp-content\/uploads\/2018\/12\/oelplattformen-nbb_fernsteuerungen-anwendungsbereiche.png\" class=\"img-responsive wp-image-16537\" srcset=\"https:\/\/nbbcontrols.com\/wp-content\/uploads\/2018\/12\/oelplattformen-nbb_fernsteuerungen-anwendungsbereiche-200x200.png 200w, https:\/\/nbbcontrols.com\/wp-content\/uploads\/2018\/12\/oelplattformen-nbb_fernsteuerungen-anwendungsbereiche.png 300w\" sizes=\"(max-width: 800px) 100vw, 200px\" \/><\/a><\/span><\/div><\/div><div class=\"fusion-title title fusion-title-2 fusion-sep-none fusion-title-center fusion-title-text fusion-title-size-four\" style=\"--awb-margin-top:5px;\"><h4 class=\"fusion-title-heading title-heading-center fusion-responsive-typography-calculated\" style=\"margin:0;--fontSize:18;--minFontSize:18;line-height:2;\"><a href=\"https:\/\/nbbcontrols.com\/it\/applicazioni\/iecex-atex\/piattaforme-petrolifere\/\">Piattaforme petrolifere<\/a><\/h4><\/div><div class=\"fusion-clearfix\"><\/div><\/div><\/div><div class=\"fusion-layout-column fusion_builder_column_inner fusion-builder-nested-column-1 fusion_builder_column_inner_1_5 1_5 fusion-one-fifth\" style=\"--awb-bg-size:cover;width:20%;width:calc(20% - ( ( 4% + 4% + 4% + 4% ) * 0.2 ) );margin-right: 4%;\"><div class=\"fusion-column-wrapper fusion-flex-column-wrapper-legacy\"><div class=\"fusion-image-element fusion-image-align-center in-legacy-container\" style=\"text-align:center;--awb-max-width:150px;--awb-caption-title-font-family:var(--h2_typography-font-family);--awb-caption-title-font-weight:var(--h2_typography-font-weight);--awb-caption-title-font-style:var(--h2_typography-font-style);--awb-caption-title-size:var(--h2_typography-font-size);--awb-caption-title-transform:var(--h2_typography-text-transform);--awb-caption-title-line-height:var(--h2_typography-line-height);--awb-caption-title-letter-spacing:var(--h2_typography-letter-spacing);\"><div class=\"imageframe-align-center\"><span class=\" fusion-imageframe imageframe-none imageframe-2 hover-type-none\"><a class=\"fusion-no-lightbox\" href=\"https:\/\/nbbcontrols.com\/it\/applicazioni\/iecex-atex\/gru-offshore\/\" target=\"_self\" aria-label=\"offshore_krane-nbb_fernsteuerungen-anwendungsbereiche\"><img decoding=\"async\" width=\"300\" height=\"300\" alt=\"NBB iecex atex gru offshore\" src=\"https:\/\/nbbcontrols.com\/wp-content\/uploads\/2018\/12\/offshore_krane-nbb_fernsteuerungen-anwendungsbereiche.png\" class=\"img-responsive wp-image-16534\" srcset=\"https:\/\/nbbcontrols.com\/wp-content\/uploads\/2018\/12\/offshore_krane-nbb_fernsteuerungen-anwendungsbereiche-200x200.png 200w, https:\/\/nbbcontrols.com\/wp-content\/uploads\/2018\/12\/offshore_krane-nbb_fernsteuerungen-anwendungsbereiche.png 300w\" sizes=\"(max-width: 800px) 100vw, 200px\" \/><\/a><\/span><\/div><\/div><div class=\"fusion-title title fusion-title-3 fusion-sep-none fusion-title-center fusion-title-text fusion-title-size-four\" style=\"--awb-margin-top:5px;\"><h4 class=\"fusion-title-heading title-heading-center fusion-responsive-typography-calculated\" style=\"margin:0;--fontSize:18;--minFontSize:18;line-height:2;\"><a href=\"https:\/\/nbbcontrols.com\/it\/applicazioni\/iecex-atex\/gru-offshore\/\">Gru offshore<\/a><\/h4><\/div><div class=\"fusion-clearfix\"><\/div><\/div><\/div><div class=\"fusion-layout-column fusion_builder_column_inner fusion-builder-nested-column-2 fusion_builder_column_inner_1_5 1_5 fusion-one-fifth\" style=\"--awb-bg-size:cover;width:20%;width:calc(20% - ( ( 4% + 4% + 4% + 4% ) * 0.2 ) );margin-right: 4%;\"><div class=\"fusion-column-wrapper fusion-flex-column-wrapper-legacy\"><div class=\"fusion-image-element fusion-image-align-center in-legacy-container\" style=\"text-align:center;--awb-max-width:150px;--awb-caption-title-font-family:var(--h2_typography-font-family);--awb-caption-title-font-weight:var(--h2_typography-font-weight);--awb-caption-title-font-style:var(--h2_typography-font-style);--awb-caption-title-size:var(--h2_typography-font-size);--awb-caption-title-transform:var(--h2_typography-text-transform);--awb-caption-title-line-height:var(--h2_typography-line-height);--awb-caption-title-letter-spacing:var(--h2_typography-letter-spacing);\"><div class=\"imageframe-align-center\"><span class=\" fusion-imageframe imageframe-none imageframe-3 hover-type-none\"><a class=\"fusion-no-lightbox\" href=\"https:\/\/nbbcontrols.com\/it\/applicazioni\/iecex-atex\/autocisterna\/\" target=\"_self\" aria-label=\"tanklaster-nbb_fernsteuerungen-anwendungsbereiche\"><img decoding=\"async\" width=\"300\" height=\"300\" alt=\"NBB iecex atex autocisterna\" src=\"https:\/\/nbbcontrols.com\/wp-content\/uploads\/2018\/12\/tanklaster-nbb_fernsteuerungen-anwendungsbereiche.png\" class=\"img-responsive wp-image-16539\" srcset=\"https:\/\/nbbcontrols.com\/wp-content\/uploads\/2018\/12\/tanklaster-nbb_fernsteuerungen-anwendungsbereiche-200x200.png 200w, https:\/\/nbbcontrols.com\/wp-content\/uploads\/2018\/12\/tanklaster-nbb_fernsteuerungen-anwendungsbereiche.png 300w\" sizes=\"(max-width: 800px) 100vw, 200px\" \/><\/a><\/span><\/div><\/div><div class=\"fusion-title title fusion-title-4 fusion-sep-none fusion-title-center fusion-title-text fusion-title-size-four\" style=\"--awb-margin-top:5px;\"><h4 class=\"fusion-title-heading title-heading-center fusion-responsive-typography-calculated\" style=\"margin:0;--fontSize:18;--minFontSize:18;line-height:2;\"><a href=\"https:\/\/nbbcontrols.com\/it\/applicazioni\/iecex-atex\/autocisterna\/\">Autocisterna<\/a><\/h4><\/div><div class=\"fusion-clearfix\"><\/div><\/div><\/div><div class=\"fusion-layout-column fusion_builder_column_inner fusion-builder-nested-column-3 fusion_builder_column_inner_1_5 1_5 fusion-one-fifth\" style=\"--awb-bg-size:cover;width:20%;width:calc(20% - ( ( 4% + 4% + 4% + 4% ) * 0.2 ) );margin-right: 4%;\"><div class=\"fusion-column-wrapper fusion-flex-column-wrapper-legacy\"><div class=\"fusion-clearfix\"><\/div><\/div><\/div><div class=\"fusion-layout-column fusion_builder_column_inner fusion-builder-nested-column-4 fusion_builder_column_inner_1_5 1_5 fusion-one-fifth fusion-column-last\" style=\"--awb-bg-size:cover;width:20%;width:calc(20% - ( ( 4% + 4% + 4% + 4% ) * 0.2 ) );\"><div class=\"fusion-column-wrapper fusion-flex-column-wrapper-legacy\"><div class=\"fusion-clearfix\"><\/div><\/div><\/div><\/div><div class=\"fusion-title title fusion-title-5 fusion-sep-none fusion-title-text fusion-title-size-two\"><h2 class=\"fusion-title-heading title-heading-left fusion-responsive-typography-calculated\" style=\"margin:0;--fontSize:28;line-height:1.5;\">Ulteriori informazioni<\/h2><\/div><div class=\"fusion-text fusion-text-2\"><p>La richiesta di protezione contro le esplosioni \u00e8 in costante aumento. Per soddisfare questi requisiti, NBB si sta sviluppando di continuo. Il suo portafoglio ora spazia dalle autocisterne alle piattaforme petrolifere e alle gru offshore. Le nostre applicazioni sono adatte anche per il controllo di incendi e catastrofi. A tale proposito riconosciamo particolare importanza alle omologazioni a livello mondiale. I nostri radiocomandi soddisfano i pi\u00f9 elevati requisiti di sicurezza. Tutti i trasmettitori e i ricevitori possono essere adattato a condizioni specifiche. Ci\u00f2 ci rende il partner perfetto per radiocomandi in aree soggette al rischio di esplosione (gas).<\/p>\n<\/div><div class=\"fusion-text fusion-text-3\"><p>La vostra applicazione non \u00e8 tra quelle specificate? Oltre alle soluzioni standard, NBB offre anche una variet\u00e0 di soluzioni specifiche per il cliente. Contattateci: il nostro team di esperti sar\u00e0 lieto di consigliarvi.<\/p>\n<\/div><div class=\"fusion-aligncenter\"><a class=\"fusion-button button-flat fusion-button-default-size button-default fusion-button-default button-1 fusion-button-default-span fusion-button-default-type\" target=\"_self\" href=\"https:\/\/nbbcontrols.com\/it\/azienda\/contatti\/ \"><span class=\"fusion-button-text awb-button__text awb-button__text--default\">Contatti<\/span><\/a><\/div><div class=\"fusion-clearfix\"><\/div><\/div><\/div><\/div><\/div>\n","protected":false},"excerpt":{"rendered":"","protected":false},"author":7,"featured_media":0,"parent":8129,"menu_order":229,"comment_status":"closed","ping_status":"closed","template":"100-width.php","meta":{"footnotes":""},"class_list":["post-8185","page","type-page","status-publish","hentry"],"_links":{"self":[{"href":"https:\/\/nbbcontrols.com\/it\/wp-json\/wp\/v2\/pages\/8185","targetHints":{"allow":["GET"]}}],"collection":[{"href":"https:\/\/nbbcontrols.com\/it\/wp-json\/wp\/v2\/pages"}],"about":[{"href":"https:\/\/nbbcontrols.com\/it\/wp-json\/wp\/v2\/types\/page"}],"author":[{"embeddable":true,"href":"https:\/\/nbbcontrols.com\/it\/wp-json\/wp\/v2\/users\/7"}],"replies":[{"embeddable":true,"href":"https:\/\/nbbcontrols.com\/it\/wp-json\/wp\/v2\/comments?post=8185"}],"version-history":[{"count":7,"href":"https:\/\/nbbcontrols.com\/it\/wp-json\/wp\/v2\/pages\/8185\/revisions"}],"predecessor-version":[{"id":21918,"href":"https:\/\/nbbcontrols.com\/it\/wp-json\/wp\/v2\/pages\/8185\/revisions\/21918"}],"up":[{"embeddable":true,"href":"https:\/\/nbbcontrols.com\/it\/wp-json\/wp\/v2\/pages\/8129"}],"wp:attachment":[{"href":"https:\/\/nbbcontrols.com\/it\/wp-json\/wp\/v2\/media?parent=8185"}],"curies":[{"name":"wp","href":"https:\/\/api.w.org\/{rel}","templated":true}]}}