{"id":8201,"date":"2019-02-03T15:12:34","date_gmt":"2019-02-03T14:12:34","guid":{"rendered":"https:\/\/nbbcontrols.com\/anwendungen\/forst-und-kommunaltechnik\/"},"modified":"2021-12-15T11:29:11","modified_gmt":"2021-12-15T10:29:11","slug":"silvicoltura-e-interventi-tecnici-comunali","status":"publish","type":"page","link":"https:\/\/nbbcontrols.com\/it\/applicazioni\/silvicoltura-e-interventi-tecnici-comunali\/","title":{"rendered":"Silvicoltura e interventi tecnici comunali"},"content":{"rendered":"<div class=\"fusion-fullwidth fullwidth-box fusion-builder-row-1 fusion-parallax-fixed nonhundred-percent-fullwidth non-hundred-percent-height-scrolling rahmen-unten\" style=\"--awb-border-sizes-top:1px;--awb-border-sizes-bottom:1px;--awb-border-sizes-left:0px;--awb-border-sizes-right:0px;--awb-border-color:#bc1212;--awb-border-radius-top-left:0px;--awb-border-radius-top-right:0px;--awb-border-radius-bottom-right:0px;--awb-border-radius-bottom-left:0px;--awb-padding-top:25px;--awb-padding-bottom:25px;--awb-background-image:url(&quot;https:\/\/nbbcontrols.com\/wp-content\/uploads\/2019\/01\/pocket_evo_magna-cad-nbb_funkfernsteuerungen.png&quot;);--awb-background-size:cover;--awb-flex-wrap:wrap;background-attachment:fixed;\" ><div class=\"fusion-builder-row fusion-row\"><div class=\"fusion-layout-column fusion_builder_column fusion-builder-column-0 fusion_builder_column_1_1 1_1 fusion-one-full fusion-column-first fusion-column-last fusion-column-no-min-height shadow\" style=\"--awb-padding-top:25px;--awb-padding-right:4%;--awb-padding-bottom:25px;--awb-padding-left:4%;--awb-bg-color:#ffffff;--awb-bg-color-hover:#ffffff;--awb-bg-size:cover;--awb-border-color:#9d1913;--awb-border-top:1px;--awb-border-right:1px;--awb-border-bottom:1px;--awb-border-left:1px;--awb-border-style:solid;--awb-margin-bottom:50px;\"><div class=\"fusion-column-wrapper fusion-column-has-shadow fusion-flex-column-wrapper-legacy\"><div class=\"fusion-title title fusion-title-1 fusion-sep-none fusion-title-center fusion-title-text fusion-title-size-one\"><h1 class=\"fusion-title-heading title-heading-center fusion-responsive-typography-calculated\" style=\"margin:0;--fontSize:50;line-height:1.4;\"><p style=\"text-align: center;\">Radiocomandi per silvicoltura e interventi tecnici comunali<\/p><\/h1><\/div><div class=\"fusion-text fusion-text-1\"><p style=\"text-align: left;\">I radiocomandi di NBB, specie per il comando di verricelli a tamburo singolo e doppio, sono indispensabili nel settore forestale. Su terreni accidentati, verricelli e macchine possono essere controllati e manovrati da una posizione di sicurezza. I sistemi radio NBB sono efficienti, facili da usare e affidabili per svariati impieghi delle macchine a livello comunale.<\/p>\n<\/div><div class=\"fusion-builder-row fusion-builder-row-inner fusion-row\"><div class=\"fusion-layout-column fusion_builder_column_inner fusion-builder-nested-column-0 fusion_builder_column_inner_1_5 1_5 fusion-one-fifth fusion-column-first\" style=\"--awb-bg-size:cover;width:20%;width:calc(20% - ( ( 4% + 4% + 4% + 4% ) * 0.2 ) );margin-right: 4%;\"><div class=\"fusion-column-wrapper fusion-flex-column-wrapper-legacy\"><div class=\"fusion-image-element fusion-image-align-center in-legacy-container\" style=\"text-align:center;--awb-max-width:150px;--awb-caption-title-font-family:var(--h2_typography-font-family);--awb-caption-title-font-weight:var(--h2_typography-font-weight);--awb-caption-title-font-style:var(--h2_typography-font-style);--awb-caption-title-size:var(--h2_typography-font-size);--awb-caption-title-transform:var(--h2_typography-text-transform);--awb-caption-title-line-height:var(--h2_typography-line-height);--awb-caption-title-letter-spacing:var(--h2_typography-letter-spacing);\"><div class=\"imageframe-align-center\"><span class=\" fusion-imageframe imageframe-none imageframe-1 hover-type-none\"><a class=\"fusion-no-lightbox\" href=\"https:\/\/nbbcontrols.com\/it\/applicazioni\/silvicoltura-e-interventi-tecnici-comunali\/autocarro-a-cassone-montabile\/\" target=\"_self\" aria-label=\"Aufsetzkipper\"><img decoding=\"async\" width=\"300\" height=\"300\" alt=\"NBB silvicoltura e interventi tecnici comunali autocarro a cassone montabile\" src=\"https:\/\/nbbcontrols.com\/wp-content\/uploads\/2021\/12\/Aufsetzkipper.jpg\" class=\"img-responsive wp-image-18420\" srcset=\"https:\/\/nbbcontrols.com\/wp-content\/uploads\/2021\/12\/Aufsetzkipper-200x200.jpg 200w, https:\/\/nbbcontrols.com\/wp-content\/uploads\/2021\/12\/Aufsetzkipper.jpg 300w\" sizes=\"(max-width: 800px) 100vw, 200px\" \/><\/a><\/span><\/div><\/div><div class=\"fusion-title title fusion-title-2 fusion-sep-none fusion-title-center fusion-title-text fusion-title-size-four\" style=\"--awb-margin-top:5px;\"><h4 class=\"fusion-title-heading title-heading-center fusion-responsive-typography-calculated\" style=\"margin:0;--fontSize:18;--minFontSize:18;line-height:2;\"><a href=\"https:\/\/nbbcontrols.com\/it\/applicazioni\/silvicoltura-e-interventi-tecnici-comunali\/autocarro-a-cassone-montabile\/\">Caricatore a <br \/>casso<\/a>ne<\/h4><\/div><div class=\"fusion-clearfix\"><\/div><\/div><\/div><div class=\"fusion-layout-column fusion_builder_column_inner fusion-builder-nested-column-1 fusion_builder_column_inner_1_5 1_5 fusion-one-fifth\" style=\"--awb-bg-size:cover;width:20%;width:calc(20% - ( ( 4% + 4% + 4% + 4% ) * 0.2 ) );margin-right: 4%;\"><div class=\"fusion-column-wrapper fusion-flex-column-wrapper-legacy\"><div class=\"fusion-image-element fusion-image-align-center in-legacy-container\" style=\"text-align:center;--awb-max-width:150px;--awb-caption-title-font-family:var(--h2_typography-font-family);--awb-caption-title-font-weight:var(--h2_typography-font-weight);--awb-caption-title-font-style:var(--h2_typography-font-style);--awb-caption-title-size:var(--h2_typography-font-size);--awb-caption-title-transform:var(--h2_typography-text-transform);--awb-caption-title-line-height:var(--h2_typography-line-height);--awb-caption-title-letter-spacing:var(--h2_typography-letter-spacing);\"><div class=\"imageframe-align-center\"><span class=\" fusion-imageframe imageframe-none imageframe-2 hover-type-none\"><a class=\"fusion-no-lightbox\" href=\"https:\/\/nbbcontrols.com\/it\/applicazioni\/silvicoltura-e-interventi-tecnici-comunali\/fresa-per-tronchi\/\" target=\"_self\" aria-label=\"baumstumpffra\u0308se-nbb_fernsteuerungen-anwendungsbereiche\"><img decoding=\"async\" width=\"300\" height=\"300\" alt=\"NBB silvicoltura e interventi tecnici comunali fresa per tronchi\" src=\"https:\/\/nbbcontrols.com\/wp-content\/uploads\/2018\/12\/baumstumpffra\u0308se-nbb_fernsteuerungen-anwendungsbereiche.png\" class=\"img-responsive wp-image-16471\" srcset=\"https:\/\/nbbcontrols.com\/wp-content\/uploads\/2018\/12\/baumstumpffra\u0308se-nbb_fernsteuerungen-anwendungsbereiche-200x200.png 200w, https:\/\/nbbcontrols.com\/wp-content\/uploads\/2018\/12\/baumstumpffra\u0308se-nbb_fernsteuerungen-anwendungsbereiche.png 300w\" sizes=\"(max-width: 800px) 100vw, 200px\" \/><\/a><\/span><\/div><\/div><div class=\"fusion-title title fusion-title-3 fusion-sep-none fusion-title-center fusion-title-text fusion-title-size-four\" style=\"--awb-margin-top:5px;\"><h4 class=\"fusion-title-heading title-heading-center fusion-responsive-typography-calculated\" style=\"margin:0;--fontSize:18;--minFontSize:18;line-height:2;\"><a href=\"https:\/\/nbbcontrols.com\/it\/applicazioni\/silvicoltura-e-interventi-tecnici-comunali\/fresa-per-tronchi\/\">Fresa per tronchi<\/a><\/h4><\/div><div class=\"fusion-clearfix\"><\/div><\/div><\/div><div class=\"fusion-layout-column fusion_builder_column_inner fusion-builder-nested-column-2 fusion_builder_column_inner_1_5 1_5 fusion-one-fifth\" style=\"--awb-bg-size:cover;width:20%;width:calc(20% - ( ( 4% + 4% + 4% + 4% ) * 0.2 ) );margin-right: 4%;\"><div class=\"fusion-column-wrapper fusion-flex-column-wrapper-legacy\"><div class=\"fusion-image-element fusion-image-align-center in-legacy-container\" style=\"text-align:center;--awb-max-width:150px;--awb-caption-title-font-family:var(--h2_typography-font-family);--awb-caption-title-font-weight:var(--h2_typography-font-weight);--awb-caption-title-font-style:var(--h2_typography-font-style);--awb-caption-title-size:var(--h2_typography-font-size);--awb-caption-title-transform:var(--h2_typography-text-transform);--awb-caption-title-line-height:var(--h2_typography-line-height);--awb-caption-title-letter-spacing:var(--h2_typography-letter-spacing);\"><div class=\"imageframe-align-center\"><span class=\" fusion-imageframe imageframe-none imageframe-3 hover-type-none\"><a class=\"fusion-no-lightbox\" href=\"https:\/\/nbbcontrols.com\/it\/applicazioni\/silvicoltura-e-interventi-tecnici-comunali\/cippatrici-vagliatrici\/\" target=\"_self\" aria-label=\"chipper_siebmaschine-nbb_fernsteuerungen-anwendungsbereiche\"><img decoding=\"async\" width=\"300\" height=\"300\" alt=\"NBB silvicoltura e interventi tecnici comunali cippatrici vagliatrici\" src=\"https:\/\/nbbcontrols.com\/wp-content\/uploads\/2018\/12\/chipper_siebmaschine-nbb_fernsteuerungen-anwendungsbereiche.png\" class=\"img-responsive wp-image-16479\" srcset=\"https:\/\/nbbcontrols.com\/wp-content\/uploads\/2018\/12\/chipper_siebmaschine-nbb_fernsteuerungen-anwendungsbereiche-200x200.png 200w, https:\/\/nbbcontrols.com\/wp-content\/uploads\/2018\/12\/chipper_siebmaschine-nbb_fernsteuerungen-anwendungsbereiche.png 300w\" sizes=\"(max-width: 800px) 100vw, 200px\" \/><\/a><\/span><\/div><\/div><div class=\"fusion-title title fusion-title-4 fusion-sep-none fusion-title-center fusion-title-text fusion-title-size-four\" style=\"--awb-margin-top:5px;\"><h4 class=\"fusion-title-heading title-heading-center fusion-responsive-typography-calculated\" style=\"margin:0;--fontSize:18;--minFontSize:18;line-height:2;\"><a href=\"https:\/\/nbbcontrols.com\/it\/applicazioni\/silvicoltura-e-interventi-tecnici-comunali\/cippatrici-vagliatrici\/\">Cippatrici \/ vagliatrici<\/a><\/h4><\/div><div class=\"fusion-clearfix\"><\/div><\/div><\/div><div class=\"fusion-layout-column fusion_builder_column_inner fusion-builder-nested-column-3 fusion_builder_column_inner_1_5 1_5 fusion-one-fifth\" style=\"--awb-bg-size:cover;width:20%;width:calc(20% - ( ( 4% + 4% + 4% + 4% ) * 0.2 ) );margin-right: 4%;\"><div class=\"fusion-column-wrapper fusion-flex-column-wrapper-legacy\"><div class=\"fusion-image-element fusion-image-align-center in-legacy-container\" style=\"text-align:center;--awb-max-width:150px;--awb-caption-title-font-family:var(--h2_typography-font-family);--awb-caption-title-font-weight:var(--h2_typography-font-weight);--awb-caption-title-font-style:var(--h2_typography-font-style);--awb-caption-title-size:var(--h2_typography-font-size);--awb-caption-title-transform:var(--h2_typography-text-transform);--awb-caption-title-line-height:var(--h2_typography-line-height);--awb-caption-title-letter-spacing:var(--h2_typography-letter-spacing);\"><div class=\"imageframe-align-center\"><span class=\" fusion-imageframe imageframe-none imageframe-4 hover-type-none\"><a class=\"fusion-no-lightbox\" href=\"https:\/\/nbbcontrols.com\/it\/applicazioni\/silvicoltura-e-interventi-tecnici-comunali\/falciatrice-trinciatrice\/\" target=\"_self\" aria-label=\"maeh_mulcher-nbb_fernsteuerungen-anwendungsbereiche\"><img decoding=\"async\" width=\"300\" height=\"300\" alt=\"NBB silvicoltura e interventi tecnici comunali falciatrice trinciatrice\" src=\"https:\/\/nbbcontrols.com\/wp-content\/uploads\/2018\/12\/maeh_mulcher-nbb_fernsteuerungen-anwendungsbereiche.png\" class=\"img-responsive wp-image-20505\" srcset=\"https:\/\/nbbcontrols.com\/wp-content\/uploads\/2018\/12\/maeh_mulcher-nbb_fernsteuerungen-anwendungsbereiche-200x200.png 200w, https:\/\/nbbcontrols.com\/wp-content\/uploads\/2018\/12\/maeh_mulcher-nbb_fernsteuerungen-anwendungsbereiche.png 300w\" sizes=\"(max-width: 800px) 100vw, 200px\" \/><\/a><\/span><\/div><\/div><div class=\"fusion-title title fusion-title-5 fusion-sep-none fusion-title-center fusion-title-text fusion-title-size-four\" style=\"--awb-margin-top:5px;\"><h4 class=\"fusion-title-heading title-heading-center fusion-responsive-typography-calculated\" style=\"margin:0;--fontSize:18;--minFontSize:18;line-height:2;\"><a href=\"https:\/\/nbbcontrols.com\/it\/applicazioni\/silvicoltura-e-interventi-tecnici-comunali\/falciatrice-trinciatrice\/\">Falciatrice \/ trinciatrice<\/a><\/h4><\/div><div class=\"fusion-clearfix\"><\/div><\/div><\/div><div class=\"fusion-layout-column fusion_builder_column_inner fusion-builder-nested-column-4 fusion_builder_column_inner_1_5 1_5 fusion-one-fifth fusion-column-last\" style=\"--awb-bg-size:cover;width:20%;width:calc(20% - ( ( 4% + 4% + 4% + 4% ) * 0.2 ) );\"><div class=\"fusion-column-wrapper fusion-flex-column-wrapper-legacy\"><div class=\"fusion-image-element fusion-image-align-center in-legacy-container\" style=\"text-align:center;--awb-max-width:150px;--awb-caption-title-font-family:var(--h2_typography-font-family);--awb-caption-title-font-weight:var(--h2_typography-font-weight);--awb-caption-title-font-style:var(--h2_typography-font-style);--awb-caption-title-size:var(--h2_typography-font-size);--awb-caption-title-transform:var(--h2_typography-text-transform);--awb-caption-title-line-height:var(--h2_typography-line-height);--awb-caption-title-letter-spacing:var(--h2_typography-letter-spacing);\"><div class=\"imageframe-align-center\"><span class=\" fusion-imageframe imageframe-none imageframe-5 hover-type-none\"><a class=\"fusion-no-lightbox\" href=\"https:\/\/nbbcontrols.com\/it\/applicazioni\/silvicoltura-e-interventi-tecnici-comunali\/veicoli-per-lasp\u2026ne-e-il-lavaggio\/\" target=\"_self\" aria-label=\"saug_spuelfahrzeuge-nbb_fernsteuerungen-anwendungsbereiche\"><img decoding=\"async\" width=\"300\" height=\"300\" alt=\"NBB silvicoltura e interventi tecnici comunali veicoli per l\u2019aspirazione e il lavaggio\" src=\"https:\/\/nbbcontrols.com\/wp-content\/uploads\/2018\/12\/saug_spuelfahrzeuge-nbb_fernsteuerungen-anwendungsbereiche.png\" class=\"img-responsive wp-image-16528\" srcset=\"https:\/\/nbbcontrols.com\/wp-content\/uploads\/2018\/12\/saug_spuelfahrzeuge-nbb_fernsteuerungen-anwendungsbereiche-200x200.png 200w, https:\/\/nbbcontrols.com\/wp-content\/uploads\/2018\/12\/saug_spuelfahrzeuge-nbb_fernsteuerungen-anwendungsbereiche.png 300w\" sizes=\"(max-width: 800px) 100vw, 200px\" \/><\/a><\/span><\/div><\/div><div class=\"fusion-title title fusion-title-6 fusion-sep-none fusion-title-center fusion-title-text fusion-title-size-four\" style=\"--awb-margin-top:5px;\"><h4 class=\"fusion-title-heading title-heading-center fusion-responsive-typography-calculated\" style=\"margin:0;--fontSize:18;--minFontSize:18;line-height:2;\"><a href=\"https:\/\/nbbcontrols.com\/it\/applicazioni\/silvicoltura-e-interventi-tecnici-comunali\/veicoli-per-lasp\u2026ne-e-il-lavaggio\/\">Veicoli per l\u2019aspirazione e il lavaggio<\/a><\/h4><\/div><div class=\"fusion-clearfix\"><\/div><\/div><\/div><div class=\"fusion-layout-column fusion_builder_column_inner fusion-builder-nested-column-5 fusion_builder_column_inner_1_5 1_5 fusion-one-fifth fusion-column-first\" style=\"--awb-bg-size:cover;width:20%;width:calc(20% - ( ( 4% + 4% + 4% + 4% ) * 0.2 ) );margin-right: 4%;\"><div class=\"fusion-column-wrapper fusion-flex-column-wrapper-legacy\"><div class=\"fusion-image-element fusion-image-align-center in-legacy-container\" style=\"text-align:center;--awb-max-width:150px;--awb-caption-title-font-family:var(--h2_typography-font-family);--awb-caption-title-font-weight:var(--h2_typography-font-weight);--awb-caption-title-font-style:var(--h2_typography-font-style);--awb-caption-title-size:var(--h2_typography-font-size);--awb-caption-title-transform:var(--h2_typography-text-transform);--awb-caption-title-line-height:var(--h2_typography-line-height);--awb-caption-title-letter-spacing:var(--h2_typography-letter-spacing);\"><div class=\"imageframe-align-center\"><span class=\" fusion-imageframe imageframe-none imageframe-6 hover-type-none\"><a class=\"fusion-no-lightbox\" href=\"https:\/\/nbbcontrols.com\/it\/applicazioni\/silvicoltura-e-interventi-tecnici-comunali\/pressa-per-rottami-metallici\/\" target=\"_self\" aria-label=\"schrottpresse-nbb_fernsteuerungen-anwendungsbereiche\"><img decoding=\"async\" width=\"300\" height=\"300\" alt=\"NBB silvicoltura e interventi tecnici comunali pressa per rottami metallici\" src=\"https:\/\/nbbcontrols.com\/wp-content\/uploads\/2018\/12\/schrottpresse-nbb_fernsteuerungen-anwendungsbereiche.png\" class=\"img-responsive wp-image-16491\" srcset=\"https:\/\/nbbcontrols.com\/wp-content\/uploads\/2018\/12\/schrottpresse-nbb_fernsteuerungen-anwendungsbereiche-200x200.png 200w, https:\/\/nbbcontrols.com\/wp-content\/uploads\/2018\/12\/schrottpresse-nbb_fernsteuerungen-anwendungsbereiche.png 300w\" sizes=\"(max-width: 800px) 100vw, 200px\" \/><\/a><\/span><\/div><\/div><div class=\"fusion-title title fusion-title-7 fusion-sep-none fusion-title-center fusion-title-text fusion-title-size-four\" style=\"--awb-margin-top:5px;\"><h4 class=\"fusion-title-heading title-heading-center fusion-responsive-typography-calculated\" style=\"margin:0;--fontSize:18;--minFontSize:18;line-height:2;\"><a href=\"https:\/\/nbbcontrols.com\/it\/applicazioni\/silvicoltura-e-interventi-tecnici-comunali\/pressa-per-rottami-metallici\/\">Pressa per rottami metallici<\/a><\/h4><\/div><div class=\"fusion-clearfix\"><\/div><\/div><\/div><div class=\"fusion-layout-column fusion_builder_column_inner fusion-builder-nested-column-6 fusion_builder_column_inner_1_5 1_5 fusion-one-fifth\" style=\"--awb-bg-size:cover;width:20%;width:calc(20% - ( ( 4% + 4% + 4% + 4% ) * 0.2 ) );margin-right: 4%;\"><div class=\"fusion-column-wrapper fusion-flex-column-wrapper-legacy\"><div class=\"fusion-image-element fusion-image-align-center in-legacy-container\" style=\"text-align:center;--awb-max-width:150px;--awb-caption-title-font-family:var(--h2_typography-font-family);--awb-caption-title-font-weight:var(--h2_typography-font-weight);--awb-caption-title-font-style:var(--h2_typography-font-style);--awb-caption-title-size:var(--h2_typography-font-size);--awb-caption-title-transform:var(--h2_typography-text-transform);--awb-caption-title-line-height:var(--h2_typography-line-height);--awb-caption-title-letter-spacing:var(--h2_typography-letter-spacing);\"><div class=\"imageframe-align-center\"><span class=\" fusion-imageframe imageframe-none imageframe-7 hover-type-none\"><a class=\"fusion-no-lightbox\" href=\"https:\/\/nbbcontrols.com\/it\/applicazioni\/silvicoltura-e-interventi-tecnici-comunali\/verricelli-paranchi-a-fune\/\" target=\"_self\" aria-label=\"winden_seilzuege-nbb_fernsteuerungen-anwendungsbereiche\"><img decoding=\"async\" width=\"300\" height=\"300\" alt=\"NBB silvicoltura e interventi tecnici comunali verricelli paranchi a fune\" src=\"https:\/\/nbbcontrols.com\/wp-content\/uploads\/2018\/12\/winden_seilzuege-nbb_fernsteuerungen-anwendungsbereiche.png\" class=\"img-responsive wp-image-16514\" srcset=\"https:\/\/nbbcontrols.com\/wp-content\/uploads\/2018\/12\/winden_seilzuege-nbb_fernsteuerungen-anwendungsbereiche-200x200.png 200w, https:\/\/nbbcontrols.com\/wp-content\/uploads\/2018\/12\/winden_seilzuege-nbb_fernsteuerungen-anwendungsbereiche.png 300w\" sizes=\"(max-width: 800px) 100vw, 200px\" \/><\/a><\/span><\/div><\/div><div class=\"fusion-title title fusion-title-8 fusion-sep-none fusion-title-center fusion-title-text fusion-title-size-four\" style=\"--awb-margin-top:5px;\"><h4 class=\"fusion-title-heading title-heading-center fusion-responsive-typography-calculated\" style=\"margin:0;--fontSize:18;--minFontSize:18;line-height:2;\"><a href=\"https:\/\/nbbcontrols.com\/it\/applicazioni\/silvicoltura-e-interventi-tecnici-comunali\/verricelli-paranchi-a-fune\/\">Verricelli \/ paranchi a fune<\/a><\/h4><\/div><div class=\"fusion-clearfix\"><\/div><\/div><\/div><div class=\"fusion-layout-column fusion_builder_column_inner fusion-builder-nested-column-7 fusion_builder_column_inner_1_5 1_5 fusion-one-fifth\" style=\"--awb-bg-size:cover;width:20%;width:calc(20% - ( ( 4% + 4% + 4% + 4% ) * 0.2 ) );margin-right: 4%;\"><div class=\"fusion-column-wrapper fusion-flex-column-wrapper-legacy\"><div class=\"fusion-clearfix\"><\/div><\/div><\/div><div class=\"fusion-layout-column fusion_builder_column_inner fusion-builder-nested-column-8 fusion_builder_column_inner_1_5 1_5 fusion-one-fifth\" style=\"--awb-bg-size:cover;width:20%;width:calc(20% - ( ( 4% + 4% + 4% + 4% ) * 0.2 ) );margin-right: 4%;\"><div class=\"fusion-column-wrapper fusion-flex-column-wrapper-legacy\"><div class=\"fusion-clearfix\"><\/div><\/div><\/div><div class=\"fusion-layout-column fusion_builder_column_inner fusion-builder-nested-column-9 fusion_builder_column_inner_1_5 1_5 fusion-one-fifth fusion-column-last\" style=\"--awb-bg-size:cover;width:20%;width:calc(20% - ( ( 4% + 4% + 4% + 4% ) * 0.2 ) );\"><div class=\"fusion-column-wrapper fusion-flex-column-wrapper-legacy\"><div class=\"fusion-clearfix\"><\/div><\/div><\/div><\/div><div class=\"fusion-title title fusion-title-9 fusion-sep-none fusion-title-text fusion-title-size-two\"><h2 class=\"fusion-title-heading title-heading-left fusion-responsive-typography-calculated\" style=\"margin:0;--fontSize:28;line-height:1.5;\">Ulteriori informazioni<\/h2><\/div><div class=\"fusion-text fusion-text-2\"><p>Per NBB, la tecnologia forestale svolge un ruolo molto particolare e affettivo. Dall\u2019idea di costruire un radiocomando a uso forestale \u00e8 nata la NBB Nachrichtentechnik GmbH + Co. KG in una piccola officina a Pforzheim. Nel 1977 \u00e8 stato consegnato il primo radiocomando al settore forestale. Diversi decenni dopo, NBB, produttore di radiocomandi professionali, \u00e8 una delle aziende leader nell\u2019innovazione. Da NBB, l\u2019innovazione combinata con l\u2019esperienza di lunga data formano l\u2019armonia necessaria per poter offrire soluzioni di sistema affidabili. Autocarri a cassone ribaltabile, tagliabordi, argani e paranchi a fune: offriamo la garanzia di avere il prodotto giusto per le vostre esigenze.<\/p>\n<p>Un avvisatore acustico di chiamata d\u2019emergenza e\/o una chiamata d\u2019emergenza sul trasmettitore, nonch\u00e9 un\u2019uscita per i sistemi di chiamata d\u2019emergenza sul ricevitore offrono la massima sicurezza operativa. Inoltre, i nostri comandi macchina wireless sono a prova di polvere e protetti dall\u2019acqua (grado di protezione IP65). La scelta perfetta per l\u2019utilizzo in condizioni avverse con una protezione aggiuntiva contro l\u2019inversione di polarit\u00e0.<\/p>\n<\/div><div class=\"fusion-text fusion-text-3\"><p>Offriamo anche soluzioni collaudate nel settore municipale per rasaerba \/ falciatrici, veicoli di aspirazione e risciacquo, presse per rottami e molto altro ancora.<\/p>\n<p>La vostra applicazione non \u00e8 tra quelle specificate? NBB offre una variet\u00e0 di soluzioni specifiche per il cliente, anche al di l\u00e0 delle soluzioni standard. Siete invitati a contattarci e a farvi consigliare dal nostro team di esperti.<\/p>\n<\/div><div class=\"fusion-aligncenter\"><a class=\"fusion-button button-flat fusion-button-default-size button-default fusion-button-default button-1 fusion-button-default-span fusion-button-default-type\" target=\"_self\" href=\"https:\/\/nbbcontrols.com\/it\/azienda\/contatti\/\"><span class=\"fusion-button-text awb-button__text awb-button__text--default\">Contatti<\/span><\/a><\/div><div class=\"fusion-clearfix\"><\/div><\/div><\/div><\/div><\/div>\n","protected":false},"excerpt":{"rendered":"","protected":false},"author":7,"featured_media":0,"parent":8129,"menu_order":277,"comment_status":"closed","ping_status":"closed","template":"100-width.php","meta":{"footnotes":""},"class_list":["post-8201","page","type-page","status-publish","hentry"],"_links":{"self":[{"href":"https:\/\/nbbcontrols.com\/it\/wp-json\/wp\/v2\/pages\/8201","targetHints":{"allow":["GET"]}}],"collection":[{"href":"https:\/\/nbbcontrols.com\/it\/wp-json\/wp\/v2\/pages"}],"about":[{"href":"https:\/\/nbbcontrols.com\/it\/wp-json\/wp\/v2\/types\/page"}],"author":[{"embeddable":true,"href":"https:\/\/nbbcontrols.com\/it\/wp-json\/wp\/v2\/users\/7"}],"replies":[{"embeddable":true,"href":"https:\/\/nbbcontrols.com\/it\/wp-json\/wp\/v2\/comments?post=8201"}],"version-history":[{"count":10,"href":"https:\/\/nbbcontrols.com\/it\/wp-json\/wp\/v2\/pages\/8201\/revisions"}],"predecessor-version":[{"id":18492,"href":"https:\/\/nbbcontrols.com\/it\/wp-json\/wp\/v2\/pages\/8201\/revisions\/18492"}],"up":[{"embeddable":true,"href":"https:\/\/nbbcontrols.com\/it\/wp-json\/wp\/v2\/pages\/8129"}],"wp:attachment":[{"href":"https:\/\/nbbcontrols.com\/it\/wp-json\/wp\/v2\/media?parent=8201"}],"curies":[{"name":"wp","href":"https:\/\/api.w.org\/{rel}","templated":true}]}}