{"id":8234,"date":"2019-02-03T14:53:51","date_gmt":"2019-02-03T13:53:51","guid":{"rendered":"https:\/\/nbbcontrols.com\/anwendungen\/minen-bergbau\/"},"modified":"2021-04-09T14:52:52","modified_gmt":"2021-04-09T12:52:52","slug":"miniere-industria-estrattiva","status":"publish","type":"page","link":"https:\/\/nbbcontrols.com\/it\/applicazioni\/miniere-industria-estrattiva\/","title":{"rendered":"Miniere \/ industria estrattiva"},"content":{"rendered":"<div class=\"fusion-fullwidth fullwidth-box fusion-builder-row-1 fusion-parallax-fixed nonhundred-percent-fullwidth non-hundred-percent-height-scrolling rahmen-unten\" style=\"--awb-border-color:#bc1212;--awb-border-radius-top-left:0px;--awb-border-radius-top-right:0px;--awb-border-radius-bottom-right:0px;--awb-border-radius-bottom-left:0px;--awb-padding-top:25px;--awb-padding-bottom:25px;--awb-background-image:url(&quot;https:\/\/nbbcontrols.com\/wp-content\/uploads\/2019\/01\/nano_l_smj-cad-nbb_funkfernsteuerungen.png&quot;);--awb-background-size:cover;--awb-border-sizes-top:1px;--awb-border-sizes-bottom:1px;--awb-flex-wrap:wrap;background-attachment:fixed;\" ><div class=\"fusion-builder-row fusion-row\"><div class=\"fusion-layout-column fusion_builder_column fusion-builder-column-0 fusion_builder_column_1_1 1_1 fusion-one-full fusion-column-first fusion-column-last fusion-column-no-min-height shadow\" style=\"--awb-padding-top:25px;--awb-padding-right:4%;--awb-padding-bottom:25px;--awb-padding-left:4%;--awb-bg-color:#ffffff;--awb-bg-color-hover:#ffffff;--awb-bg-size:cover;--awb-border-color:#9d1913;--awb-border-top:1px;--awb-border-right:1px;--awb-border-bottom:1px;--awb-border-left:1px;--awb-border-style:solid;--awb-margin-bottom:50px;\"><div class=\"fusion-column-wrapper fusion-column-has-shadow fusion-flex-column-wrapper-legacy\"><div class=\"fusion-title title fusion-title-1 fusion-sep-none fusion-title-center fusion-title-text fusion-title-size-one\"><h1 class=\"fusion-title-heading title-heading-center fusion-responsive-typography-calculated\" style=\"margin:0;--fontSize:50;line-height:1.4;\"><p style=\"text-align: center;\">Radiocomandi per miniere\/industria estrattiva<\/p><\/h1><\/div><div class=\"fusion-text fusion-text-1\"><p style=\"text-align: left;\">Robustezza, ergonomia e qualit\u00e0 fanno dei radiocomandi NBB un prodotto di prima classe. Perforazioni in condizioni estreme o nell\u2019estrazione di materie prime: i radiocomandi di NBB svolgono un ottimo lavoro!<\/p>\n<\/div><div class=\"fusion-builder-row fusion-builder-row-inner fusion-row\"><div class=\"fusion-layout-column fusion_builder_column_inner fusion-builder-nested-column-0 fusion_builder_column_inner_1_5 1_5 fusion-one-fifth fusion-column-first\" style=\"--awb-bg-size:cover;width:20%;width:calc(20% - ( ( 4% + 4% + 4% + 4% ) * 0.2 ) );margin-right: 4%;\"><div class=\"fusion-column-wrapper fusion-flex-column-wrapper-legacy\"><div class=\"fusion-image-element fusion-image-align-center in-legacy-container\" style=\"text-align:center;--awb-max-width:150px;--awb-caption-title-font-family:var(--h2_typography-font-family);--awb-caption-title-font-weight:var(--h2_typography-font-weight);--awb-caption-title-font-style:var(--h2_typography-font-style);--awb-caption-title-size:var(--h2_typography-font-size);--awb-caption-title-transform:var(--h2_typography-text-transform);--awb-caption-title-line-height:var(--h2_typography-line-height);--awb-caption-title-letter-spacing:var(--h2_typography-letter-spacing);\"><div class=\"imageframe-align-center\"><span class=\" fusion-imageframe imageframe-none imageframe-1 hover-type-none\"><a class=\"fusion-no-lightbox\" href=\"https:\/\/nbbcontrols.com\/it\/applicazioni\/miniere-industria-estrattiva\/attrezzature-di-perforazione\/\" target=\"_self\" aria-label=\"bohrtechnik-nbb_fernsteuerungen-anwendungsbereiche\"><img decoding=\"async\" width=\"300\" height=\"300\" alt=\"NBB miniere industria estrattiva attrezzature di perforazione\" src=\"https:\/\/nbbcontrols.com\/wp-content\/uploads\/2018\/12\/bohrtechnik-nbb_fernsteuerungen-anwendungsbereiche.png\" class=\"img-responsive wp-image-16475\" srcset=\"https:\/\/nbbcontrols.com\/wp-content\/uploads\/2018\/12\/bohrtechnik-nbb_fernsteuerungen-anwendungsbereiche-200x200.png 200w, https:\/\/nbbcontrols.com\/wp-content\/uploads\/2018\/12\/bohrtechnik-nbb_fernsteuerungen-anwendungsbereiche.png 300w\" sizes=\"(max-width: 800px) 100vw, 200px\" \/><\/a><\/span><\/div><\/div><div class=\"fusion-title title fusion-title-2 fusion-sep-none fusion-title-center fusion-title-text fusion-title-size-four\" style=\"--awb-margin-top:5px;\"><h4 class=\"fusion-title-heading title-heading-center fusion-responsive-typography-calculated\" style=\"margin:0;--fontSize:18;--minFontSize:18;line-height:2;\"><a href=\"https:\/\/nbbcontrols.com\/it\/applicazioni\/miniere-industria-estrattiva\/attrezzature-di-perforazione\/\">Attrezzature di perforazione<\/a><\/h4><\/div><div class=\"fusion-clearfix\"><\/div><\/div><\/div><div class=\"fusion-layout-column fusion_builder_column_inner fusion-builder-nested-column-1 fusion_builder_column_inner_1_5 1_5 fusion-one-fifth\" style=\"--awb-bg-size:cover;width:20%;width:calc(20% - ( ( 4% + 4% + 4% + 4% ) * 0.2 ) );margin-right: 4%;\"><div class=\"fusion-column-wrapper fusion-flex-column-wrapper-legacy\"><div class=\"fusion-image-element fusion-image-align-center in-legacy-container\" style=\"text-align:center;--awb-max-width:150px;--awb-caption-title-font-family:var(--h2_typography-font-family);--awb-caption-title-font-weight:var(--h2_typography-font-weight);--awb-caption-title-font-style:var(--h2_typography-font-style);--awb-caption-title-size:var(--h2_typography-font-size);--awb-caption-title-transform:var(--h2_typography-text-transform);--awb-caption-title-line-height:var(--h2_typography-line-height);--awb-caption-title-letter-spacing:var(--h2_typography-letter-spacing);\"><div class=\"imageframe-align-center\"><span class=\" fusion-imageframe imageframe-none imageframe-2 hover-type-none\"><a class=\"fusion-no-lightbox\" href=\"https:\/\/nbbcontrols.com\/it\/applicazioni\/miniere-industria-estrattiva\/cippatrici-vagliatrici\/\" target=\"_self\" aria-label=\"chipper_siebmaschine-nbb_fernsteuerungen-anwendungsbereiche\"><img decoding=\"async\" width=\"300\" height=\"300\" alt=\"NBB miniere industria estrattiva cippatrici vagliatrici\" src=\"https:\/\/nbbcontrols.com\/wp-content\/uploads\/2018\/12\/chipper_siebmaschine-nbb_fernsteuerungen-anwendungsbereiche.png\" class=\"img-responsive wp-image-16479\" srcset=\"https:\/\/nbbcontrols.com\/wp-content\/uploads\/2018\/12\/chipper_siebmaschine-nbb_fernsteuerungen-anwendungsbereiche-200x200.png 200w, https:\/\/nbbcontrols.com\/wp-content\/uploads\/2018\/12\/chipper_siebmaschine-nbb_fernsteuerungen-anwendungsbereiche.png 300w\" sizes=\"(max-width: 800px) 100vw, 200px\" \/><\/a><\/span><\/div><\/div><div class=\"fusion-title title fusion-title-3 fusion-sep-none fusion-title-center fusion-title-text fusion-title-size-four\" style=\"--awb-margin-top:5px;\"><h4 class=\"fusion-title-heading title-heading-center fusion-responsive-typography-calculated\" style=\"margin:0;--fontSize:18;--minFontSize:18;line-height:2;\"><a href=\"https:\/\/nbbcontrols.com\/it\/applicazioni\/miniere-industria-estrattiva\/cippatrici-vagliatrici\/\">Cippatrici \/ vagliatrici<\/a><\/h4><\/div><div class=\"fusion-clearfix\"><\/div><\/div><\/div><div class=\"fusion-layout-column fusion_builder_column_inner fusion-builder-nested-column-2 fusion_builder_column_inner_1_5 1_5 fusion-one-fifth\" style=\"--awb-bg-size:cover;width:20%;width:calc(20% - ( ( 4% + 4% + 4% + 4% ) * 0.2 ) );margin-right: 4%;\"><div class=\"fusion-column-wrapper fusion-flex-column-wrapper-legacy\"><div class=\"fusion-image-element fusion-image-align-center in-legacy-container\" style=\"text-align:center;--awb-max-width:150px;--awb-caption-title-font-family:var(--h2_typography-font-family);--awb-caption-title-font-weight:var(--h2_typography-font-weight);--awb-caption-title-font-style:var(--h2_typography-font-style);--awb-caption-title-size:var(--h2_typography-font-size);--awb-caption-title-transform:var(--h2_typography-text-transform);--awb-caption-title-line-height:var(--h2_typography-line-height);--awb-caption-title-letter-spacing:var(--h2_typography-letter-spacing);\"><div class=\"imageframe-align-center\"><span class=\" fusion-imageframe imageframe-none imageframe-3 hover-type-none\"><a class=\"fusion-no-lightbox\" href=\"https:\/\/nbbcontrols.com\/it\/applicazioni\/miniere-industria-estrattiva\/nastri-trasportatori\/\" target=\"_self\" aria-label=\"foerderbaender-nbb_fernsteuerungen-anwendungsbereiche\"><img decoding=\"async\" width=\"300\" height=\"300\" alt=\"NBB miniere industria estrattiva nastri trasportatori\" src=\"https:\/\/nbbcontrols.com\/wp-content\/uploads\/2018\/12\/foerderbaender-nbb_fernsteuerungen-anwendungsbereiche.png\" class=\"img-responsive wp-image-16522\" srcset=\"https:\/\/nbbcontrols.com\/wp-content\/uploads\/2018\/12\/foerderbaender-nbb_fernsteuerungen-anwendungsbereiche-200x200.png 200w, https:\/\/nbbcontrols.com\/wp-content\/uploads\/2018\/12\/foerderbaender-nbb_fernsteuerungen-anwendungsbereiche.png 300w\" sizes=\"(max-width: 800px) 100vw, 200px\" \/><\/a><\/span><\/div><\/div><div class=\"fusion-title title fusion-title-4 fusion-sep-none fusion-title-center fusion-title-text fusion-title-size-four\" style=\"--awb-margin-top:5px;\"><h4 class=\"fusion-title-heading title-heading-center fusion-responsive-typography-calculated\" style=\"margin:0;--fontSize:18;--minFontSize:18;line-height:2;\"><a href=\"https:\/\/nbbcontrols.com\/it\/applicazioni\/miniere-industria-estrattiva\/nastri-trasportatori\/\">Nastri trasportatori<\/a><\/h4><\/div><div class=\"fusion-clearfix\"><\/div><\/div><\/div><div class=\"fusion-layout-column fusion_builder_column_inner fusion-builder-nested-column-3 fusion_builder_column_inner_1_5 1_5 fusion-one-fifth\" style=\"--awb-bg-size:cover;width:20%;width:calc(20% - ( ( 4% + 4% + 4% + 4% ) * 0.2 ) );margin-right: 4%;\"><div class=\"fusion-column-wrapper fusion-flex-column-wrapper-legacy\"><div class=\"fusion-image-element fusion-image-align-center in-legacy-container\" style=\"text-align:center;--awb-max-width:150px;--awb-caption-title-font-family:var(--h2_typography-font-family);--awb-caption-title-font-weight:var(--h2_typography-font-weight);--awb-caption-title-font-style:var(--h2_typography-font-style);--awb-caption-title-size:var(--h2_typography-font-size);--awb-caption-title-transform:var(--h2_typography-text-transform);--awb-caption-title-line-height:var(--h2_typography-line-height);--awb-caption-title-letter-spacing:var(--h2_typography-letter-spacing);\"><div class=\"imageframe-align-center\"><span class=\" fusion-imageframe imageframe-none imageframe-4 hover-type-none\"><a class=\"fusion-no-lightbox\" href=\"https:\/\/nbbcontrols.com\/it\/applicazioni\/miniere-industria-estrattiva\/pale-gommate\/\" target=\"_self\" aria-label=\"radlader-nbb_fernsteuerungen-anwendungsbereiche\"><img decoding=\"async\" width=\"300\" height=\"300\" alt=\"NBB miniere industria estrattiva pale gommate\" src=\"https:\/\/nbbcontrols.com\/wp-content\/uploads\/2018\/12\/radlader-nbb_fernsteuerungen-anwendungsbereiche.png\" class=\"img-responsive wp-image-16487\" srcset=\"https:\/\/nbbcontrols.com\/wp-content\/uploads\/2018\/12\/radlader-nbb_fernsteuerungen-anwendungsbereiche-200x200.png 200w, https:\/\/nbbcontrols.com\/wp-content\/uploads\/2018\/12\/radlader-nbb_fernsteuerungen-anwendungsbereiche.png 300w\" sizes=\"(max-width: 800px) 100vw, 200px\" \/><\/a><\/span><\/div><\/div><div class=\"fusion-title title fusion-title-5 fusion-sep-none fusion-title-center fusion-title-text fusion-title-size-four\" style=\"--awb-margin-top:5px;\"><h4 class=\"fusion-title-heading title-heading-center fusion-responsive-typography-calculated\" style=\"margin:0;--fontSize:18;--minFontSize:18;line-height:2;\"><a href=\"https:\/\/nbbcontrols.com\/it\/applicazioni\/miniere-industria-estrattiva\/pale-gommate\/\">Pale gommate<\/a><\/h4><\/div><div class=\"fusion-clearfix\"><\/div><\/div><\/div><div class=\"fusion-layout-column fusion_builder_column_inner fusion-builder-nested-column-4 fusion_builder_column_inner_1_5 1_5 fusion-one-fifth fusion-column-last\" style=\"--awb-bg-size:cover;width:20%;width:calc(20% - ( ( 4% + 4% + 4% + 4% ) * 0.2 ) );\"><div class=\"fusion-column-wrapper fusion-flex-column-wrapper-legacy\"><div class=\"fusion-image-element fusion-image-align-center in-legacy-container\" style=\"text-align:center;--awb-max-width:150px;--awb-caption-title-font-family:var(--h2_typography-font-family);--awb-caption-title-font-weight:var(--h2_typography-font-weight);--awb-caption-title-font-style:var(--h2_typography-font-style);--awb-caption-title-size:var(--h2_typography-font-size);--awb-caption-title-transform:var(--h2_typography-text-transform);--awb-caption-title-line-height:var(--h2_typography-line-height);--awb-caption-title-letter-spacing:var(--h2_typography-letter-spacing);\"><div class=\"imageframe-align-center\"><span class=\" fusion-imageframe imageframe-none imageframe-5 hover-type-none\"><a class=\"fusion-no-lightbox\" href=\"https:\/\/nbbcontrols.com\/it\/applicazioni\/miniere-industria-estrattiva\/apparecchiature-per-lo-scavo-in-galleria\/\" target=\"_self\" aria-label=\"tunnelbautechnik-nbb_fernsteuerungen-anwendungsbereiche\"><img decoding=\"async\" width=\"300\" height=\"300\" alt=\"NBB miniere industria estrattiva apparecchiature per lo scavo in galleria\" src=\"https:\/\/nbbcontrols.com\/wp-content\/uploads\/2018\/12\/tunnelbautechnik-nbb_fernsteuerungen-anwendungsbereiche.png\" class=\"img-responsive wp-image-16497\" srcset=\"https:\/\/nbbcontrols.com\/wp-content\/uploads\/2018\/12\/tunnelbautechnik-nbb_fernsteuerungen-anwendungsbereiche-200x200.png 200w, https:\/\/nbbcontrols.com\/wp-content\/uploads\/2018\/12\/tunnelbautechnik-nbb_fernsteuerungen-anwendungsbereiche.png 300w\" sizes=\"(max-width: 800px) 100vw, 200px\" \/><\/a><\/span><\/div><\/div><div class=\"fusion-title title fusion-title-6 fusion-sep-none fusion-title-center fusion-title-text fusion-title-size-four\" style=\"--awb-margin-top:5px;\"><h4 class=\"fusion-title-heading title-heading-center fusion-responsive-typography-calculated\" style=\"margin:0;--fontSize:18;--minFontSize:18;line-height:2;\"><a href=\"https:\/\/nbbcontrols.com\/it\/applicazioni\/sonderanwendungen\/apparecchiature-\u2026cavo-in-galleria\/\">Apparecchiature per lo scavo in galleria<\/a><\/h4><\/div><div class=\"fusion-clearfix\"><\/div><\/div><\/div><\/div><div class=\"fusion-title title fusion-title-7 fusion-sep-none fusion-title-text fusion-title-size-two\"><h2 class=\"fusion-title-heading title-heading-left fusion-responsive-typography-calculated\" style=\"margin:0;--fontSize:28;line-height:1.5;\">Ulteriori informazioni<\/h2><\/div><div class=\"fusion-text fusion-text-2\"><p>I nostri sistemi sono certificati IP65. N\u00e9 l\u2019acqua n\u00e9 la polvere hanno la possibilit\u00e0 di penetrare nell\u2019alloggiamento. L\u2019esigente applicazione nella tecnologia di perforazione e nello scavo di gallerie viene cos\u00ec supportata in modo ottimale. Che si tratti di applicazioni standard o di soluzioni specifiche per il cliente, NBB \u00e8 in grado di offrire il radiocomando giusto.<\/p>\n<\/div><div class=\"fusion-text fusion-text-3\"><p>La vostra applicazione non \u00e8 tra quelle specificate? NBB offre una variet\u00e0 di soluzioni specifiche per il cliente, anche al di l\u00e0 delle soluzioni standard. Vi preghiamo di contattarci direttamente e di farvi consigliare dal nostro team di esperti.<\/p>\n<\/div><div class=\"fusion-aligncenter\"><a class=\"fusion-button button-flat fusion-button-default-size button-default fusion-button-default button-1 fusion-button-default-span fusion-button-default-type\" target=\"_self\" href=\"https:\/\/nbbcontrols.com\/it\/azienda\/contatti\/ \"><span class=\"fusion-button-text awb-button__text awb-button__text--default\">Contatti<\/span><\/a><\/div><div class=\"fusion-clearfix\"><\/div><\/div><\/div><\/div><\/div>\n","protected":false},"excerpt":{"rendered":"","protected":false},"author":7,"featured_media":0,"parent":8129,"menu_order":307,"comment_status":"closed","ping_status":"closed","template":"100-width.php","meta":{"footnotes":""},"class_list":["post-8234","page","type-page","status-publish","hentry"],"_links":{"self":[{"href":"https:\/\/nbbcontrols.com\/it\/wp-json\/wp\/v2\/pages\/8234","targetHints":{"allow":["GET"]}}],"collection":[{"href":"https:\/\/nbbcontrols.com\/it\/wp-json\/wp\/v2\/pages"}],"about":[{"href":"https:\/\/nbbcontrols.com\/it\/wp-json\/wp\/v2\/types\/page"}],"author":[{"embeddable":true,"href":"https:\/\/nbbcontrols.com\/it\/wp-json\/wp\/v2\/users\/7"}],"replies":[{"embeddable":true,"href":"https:\/\/nbbcontrols.com\/it\/wp-json\/wp\/v2\/comments?post=8234"}],"version-history":[{"count":7,"href":"https:\/\/nbbcontrols.com\/it\/wp-json\/wp\/v2\/pages\/8234\/revisions"}],"predecessor-version":[{"id":16267,"href":"https:\/\/nbbcontrols.com\/it\/wp-json\/wp\/v2\/pages\/8234\/revisions\/16267"}],"up":[{"embeddable":true,"href":"https:\/\/nbbcontrols.com\/it\/wp-json\/wp\/v2\/pages\/8129"}],"wp:attachment":[{"href":"https:\/\/nbbcontrols.com\/it\/wp-json\/wp\/v2\/media?parent=8234"}],"curies":[{"name":"wp","href":"https:\/\/api.w.org\/{rel}","templated":true}]}}