{"id":8397,"date":"2019-01-18T15:38:31","date_gmt":"2019-01-18T14:38:31","guid":{"rendered":"https:\/\/nbbcontrols.com\/unternehmen\/"},"modified":"2021-04-09T09:17:39","modified_gmt":"2021-04-09T07:17:39","slug":"azienda","status":"publish","type":"page","link":"https:\/\/nbbcontrols.com\/it\/azienda\/","title":{"rendered":"Azienda"},"content":{"rendered":"<div class=\"fusion-fullwidth fullwidth-box fusion-builder-row-1 fusion-parallax-fixed nonhundred-percent-fullwidth non-hundred-percent-height-scrolling rahmen-unten\" style=\"--awb-border-color:#bc1212;--awb-border-radius-top-left:0px;--awb-border-radius-top-right:0px;--awb-border-radius-bottom-right:0px;--awb-border-radius-bottom-left:0px;--awb-padding-top:25px;--awb-padding-bottom:25px;--awb-background-image:url(&quot;https:\/\/nbbcontrols.com\/wp-content\/uploads\/2018\/12\/Planar-NL-SMJ-3A2_Pantone446_025_040.png&quot;);--awb-background-size:cover;--awb-border-sizes-top:1px;--awb-border-sizes-bottom:1px;--awb-flex-wrap:wrap;background-attachment:fixed;\" ><div class=\"fusion-builder-row fusion-row\"><div class=\"fusion-layout-column fusion_builder_column fusion-builder-column-0 fusion_builder_column_1_1 1_1 fusion-one-full fusion-column-first fusion-column-last fusion-column-no-min-height shadow\" style=\"--awb-padding-top:25px;--awb-padding-right:4%;--awb-padding-bottom:25px;--awb-padding-left:4%;--awb-bg-color:#ffffff;--awb-bg-color-hover:#ffffff;--awb-bg-size:cover;--awb-border-color:#9d1913;--awb-border-top:1px;--awb-border-right:1px;--awb-border-bottom:1px;--awb-border-left:1px;--awb-border-style:solid;--awb-margin-bottom:50px;\"><div class=\"fusion-column-wrapper fusion-flex-column-wrapper-legacy\"><div class=\"fusion-title title fusion-title-1 fusion-sep-none fusion-title-center fusion-title-text fusion-title-size-one\"><h1 class=\"fusion-title-heading title-heading-center fusion-responsive-typography-calculated\" style=\"margin:0;--fontSize:50;line-height:1.4;\"><p style=\"text-align: center;\">Questa \u00e8 NBB Controls + Components GmbH<\/p><\/h1><\/div><div class=\"fusion-builder-row fusion-builder-row-inner fusion-row\"><div class=\"fusion-layout-column fusion_builder_column_inner fusion-builder-nested-column-0 fusion_builder_column_inner_1_2 1_2 fusion-one-half fusion-column-first\" style=\"--awb-bg-size:cover;--awb-margin-top:3%;width:50%;width:calc(50% - ( ( 4% ) * 0.5 ) );margin-right: 4%;\"><div class=\"fusion-column-wrapper fusion-flex-column-wrapper-legacy\"><div class=\"fusion-title title fusion-title-2 fusion-sep-none fusion-title-text fusion-title-size-two\" style=\"--awb-margin-bottom:15px;\"><h2 class=\"fusion-title-heading title-heading-left fusion-responsive-typography-calculated\" style=\"margin:0;--fontSize:28;line-height:1.5;\">Tutto gestito da un unico interlocutore<\/h2><\/div><div class=\"fusion-text fusion-text-1\"><p>Per garantire il nostro elevato standard di qualit\u00e0, tutti i processi di sviluppo e produzione rilevanti sono svolti all\u2019interno di NBB. Dallo sviluppo di circuiti stampati e software fino alle antenne appositamente prodotte, copriamo un elevato livello di produzione verticale e possiamo cos\u00ec garantire una qualit\u00e0 &#8220;made in Germany&#8221; per tutte le parti utilizzate nei prodotti NBB.<\/p>\n<\/div><div class=\"fusion-clearfix\"><\/div><\/div><\/div><div class=\"fusion-layout-column fusion_builder_column_inner fusion-builder-nested-column-1 fusion_builder_column_inner_1_2 1_2 fusion-one-half fusion-column-last\" style=\"--awb-padding-right:2%;--awb-padding-left:2%;--awb-bg-size:cover;width:50%;width:calc(50% - ( ( 4% ) * 0.5 ) );\"><div class=\"fusion-column-wrapper fusion-flex-column-wrapper-legacy\"><div class=\"fusion-image-element in-legacy-container\" style=\"--awb-caption-title-font-family:var(--h2_typography-font-family);--awb-caption-title-font-weight:var(--h2_typography-font-weight);--awb-caption-title-font-style:var(--h2_typography-font-style);--awb-caption-title-size:var(--h2_typography-font-size);--awb-caption-title-transform:var(--h2_typography-text-transform);--awb-caption-title-line-height:var(--h2_typography-line-height);--awb-caption-title-letter-spacing:var(--h2_typography-letter-spacing);\"><span class=\" fusion-imageframe imageframe-none imageframe-1 hover-type-none\"><img decoding=\"async\" width=\"1024\" height=\"546\" alt=\"NBB Controls + Components GmbH\" title=\"firmengebaude_au\u00dfenansicht-nbb_funkfernsteuerungen\" src=\"https:\/\/nbbcontrols.com\/wp-content\/uploads\/2019\/03\/firmengebaude_au\u00dfenansicht-nbb_funkfernsteuerungen-1024x546.jpg\" class=\"img-responsive wp-image-8398\" srcset=\"https:\/\/nbbcontrols.com\/wp-content\/uploads\/2019\/03\/firmengebaude_au\u00dfenansicht-nbb_funkfernsteuerungen-200x107.jpg 200w, https:\/\/nbbcontrols.com\/wp-content\/uploads\/2019\/03\/firmengebaude_au\u00dfenansicht-nbb_funkfernsteuerungen-400x213.jpg 400w, https:\/\/nbbcontrols.com\/wp-content\/uploads\/2019\/03\/firmengebaude_au\u00dfenansicht-nbb_funkfernsteuerungen-600x320.jpg 600w, https:\/\/nbbcontrols.com\/wp-content\/uploads\/2019\/03\/firmengebaude_au\u00dfenansicht-nbb_funkfernsteuerungen-800x427.jpg 800w, https:\/\/nbbcontrols.com\/wp-content\/uploads\/2019\/03\/firmengebaude_au\u00dfenansicht-nbb_funkfernsteuerungen.jpg 1102w\" sizes=\"(max-width: 800px) 100vw, 600px\" \/><\/span><\/div><div class=\"fusion-clearfix\"><\/div><\/div><\/div><\/div><div class=\"fusion-title title fusion-title-3 fusion-sep-none fusion-title-text fusion-title-size-three\" style=\"--awb-margin-bottom:15px;\"><h3 class=\"fusion-title-heading title-heading-left fusion-responsive-typography-calculated\" style=\"margin:0;--fontSize:24;line-height:1.5;\">Concentrazione sui vantaggi per il cliente<\/h3><\/div><div class=\"fusion-text fusion-text-2\"><p>Tutti i nostri nuovi sviluppi hanno un obiettivo molto chiaro: il vantaggio per i clienti di NBB. Vogliamo contribuire a far s\u00ec che vi troviate un passo avanti alla vostra concorrenza. Per questo motivo, NBB si \u00e8 prefissa il compito di rendere l\u2019utilizzo dei radiocomandi di sicurezza sempre pi\u00f9 affidabile, confortevole, economico e anche sicuro. Tutto questo, essendo sempre all\u2019avanguardia della tecnica!<\/p>\n<\/div><div class=\"fusion-title title fusion-title-4 fusion-sep-none fusion-title-text fusion-title-size-three\" style=\"--awb-margin-bottom:15px;\"><h3 class=\"fusion-title-heading title-heading-left fusion-responsive-typography-calculated\" style=\"margin:0;--fontSize:24;line-height:1.5;\">Competenza derivante dallo sviluppo e dall\u2019esperienza<\/h3><\/div><div class=\"fusion-text fusion-text-3\"><p>Con oltre 4 decenni di esperienza tecnologica e applicativa, NBB ha un alto grado di competenza per progettare e produrre soluzioni affidabili anche per le funzioni pi\u00f9 complesse e le condizioni di lavoro pi\u00f9 difficili. Facciamo tutto il possibile per mantenere elevati i nostri standard di qualit\u00e0 e siamo alla ricerca di nuovi modi per apportare ulteriori miglioramenti. Alla base del nostro successo non ci sono solo i nostri collaboratori altamente qualificati e motivati, ma anche l\u2019impegno rimarchevole per uno sviluppo orientato al futuro.<\/p>\n<\/div><div class=\"fusion-title title fusion-title-5 fusion-sep-none fusion-title-text fusion-title-size-three\" style=\"--awb-margin-bottom:15px;\"><h3 class=\"fusion-title-heading title-heading-left fusion-responsive-typography-calculated\" style=\"margin:0;--fontSize:24;line-height:1.5;\">Qualit\u00e0 certificata \u201cmade in Germany\u201d<\/h3><\/div><div class=\"fusion-text fusion-text-4\"><p>NBB \u00e8 certificata secondo la norma DIN EN ISO 9001 dal 1995. Alla base di tutte le nostre attivit\u00e0 e del nostro successo vi \u00e8 la qualit\u00e0 dei nostri prodotti. Per garantire questa qualit\u00e0, tutti i nostri prodotti sono ampiamente controllati e testati prima della consegna. La produzione di tutti i componenti meccanici ed elettrici \u00e8 monitorata da istituti di prova indipendenti. Dopo l\u2019assemblaggio finale viene effettuato un controllo finale analitico e ogni sistema viene sottoposto a un test di durata. Anche le apparecchiature di riparazione passano attraverso questo processo.<\/p>\n<\/div><div class=\"fusion-aligncenter\"><a class=\"fusion-button button-flat button-large button-default fusion-button-default button-1 fusion-button-default-span fusion-button-default-type\" target=\"_self\" href=\"https:\/\/nbbcontrols.com\/it\/azienda\/contatti\/\"><span class=\"fusion-button-text awb-button__text awb-button__text--default\">Contattateci!<\/span><\/a><\/div><div class=\"fusion-clearfix\"><\/div><\/div><\/div><\/div><\/div>\n","protected":false},"excerpt":{"rendered":"","protected":false},"author":7,"featured_media":0,"parent":0,"menu_order":606,"comment_status":"closed","ping_status":"closed","template":"100-width.php","meta":{"footnotes":""},"class_list":["post-8397","page","type-page","status-publish","hentry"],"_links":{"self":[{"href":"https:\/\/nbbcontrols.com\/it\/wp-json\/wp\/v2\/pages\/8397","targetHints":{"allow":["GET"]}}],"collection":[{"href":"https:\/\/nbbcontrols.com\/it\/wp-json\/wp\/v2\/pages"}],"about":[{"href":"https:\/\/nbbcontrols.com\/it\/wp-json\/wp\/v2\/types\/page"}],"author":[{"embeddable":true,"href":"https:\/\/nbbcontrols.com\/it\/wp-json\/wp\/v2\/users\/7"}],"replies":[{"embeddable":true,"href":"https:\/\/nbbcontrols.com\/it\/wp-json\/wp\/v2\/comments?post=8397"}],"version-history":[{"count":4,"href":"https:\/\/nbbcontrols.com\/it\/wp-json\/wp\/v2\/pages\/8397\/revisions"}],"predecessor-version":[{"id":16226,"href":"https:\/\/nbbcontrols.com\/it\/wp-json\/wp\/v2\/pages\/8397\/revisions\/16226"}],"wp:attachment":[{"href":"https:\/\/nbbcontrols.com\/it\/wp-json\/wp\/v2\/media?parent=8397"}],"curies":[{"name":"wp","href":"https:\/\/api.w.org\/{rel}","templated":true}]}}